{"id":18685,"date":"2025-07-21T14:02:51","date_gmt":"2025-07-21T12:02:51","guid":{"rendered":"https:\/\/healing-alps.eu\/nachrichte\/"},"modified":"2025-07-22T11:42:10","modified_gmt":"2025-07-22T09:42:10","slug":"nachrichte","status":"publish","type":"page","link":"https:\/\/healing-alps.eu\/de\/nachrichte\/","title":{"rendered":"News"},"content":{"rendered":"<div id=\"hero-headline-block_780f04fb2f023f7c303f682b73a707b5\" class=\"hero-headline alpine-block container-fluid alignfull hide-leaves\" style=\"\">\n\t<div class=\"hero-headline-content text-white\" style=\"\">\n\t\t<h1 class=\"mb-4\">\n\t\t\t<span>\n\t\t\t\tEntdecken\t\t\t<\/span>\n\t\t\tSie unvergessliche Events in den Alpen\t\t<\/h1>\n\t\t<div class=\"text\"><p><strong>Unsere Erfahrungen<\/strong><\/p>\n<\/div>\n\t\t<p><\/p>\n\t<\/div>\n<\/div>\n<div id=\"content-pieces-block_273e00873d89fedacba2c5cc0c5ad8f1\" class=\"content-pieces alpine-pieces alpine-block alignfull leaves\">\n\t<div class=\"container\">\n\t\t\t<div class=\"row py-3\">\n\t\t\t\t\t\t\t\t\t\n\t\t\t<div class=\"col-md-6 d-flex flex-column justify-content-center align-items-center piece-image px-0 px-md-3 order-1 order-md-3\">\n\t\t\t\t<img decoding=\"async\" src=\"https:\/\/healing-alps.eu\/app\/uploads\/2023\/08\/Bild2-572x266.png\" alt=\"Bild2\">\t\t\t\t\t\t\t<\/div>\n\n\t\t\t<div class=\"col-md-6 d-flex flex-column justify-content-center align-items-center py-4 order-2 order-md-2\">\n\t\t\t\t<div class=\"narrower-text\">\n\t\t\t\t\t\t\t\t\t\t\t\t\t\t\t\t<div class=\"subheadline\">8. bis 10. November 2024 in Gastein<\/div>\n\t\t\t\t\t\t\t\t\t\t\t\t\t\t\t\t<h3 class=\"mb-3\">\n\t\t\t\t\t\t\t&#8220;Healing Power of the Alps&#8221; \t\t\t\t\t\t<\/h3>\n\t\t\t\t\t\t\t\t\t\t<div class=\"flex-shrink-0 flex flex-col relative items-end\">\n<div>\n<div class=\"pt-0.5 juice:pt-0\">\n<div class=\"gizmo-bot-avatar flex h-6 w-6 items-center justify-center overflow-hidden rounded-full juice:h-8 juice:w-8\">\n<div>Unter dem Motto \u201eWald &amp; Wasser\u201c widmet sich der dreit\u00e4gige Kongress der intensiven Auseinandersetzung mit den Heilkr\u00e4ften der Natur. Neben inspirierenden Vortr\u00e4gen, Diskussionen und Exkursionen bietet die Veranstaltung eine einzigartige Plattform f\u00fcr den Austausch von Fachwissen, innovativen Ideen und bew\u00e4hrten Praktiken im Bereich des evidenzbasierten Gesundheitstourismus.<\/div>\n<\/div>\n<\/div>\n<\/div>\n<\/div>\n<div><\/div>\n<div><\/div>\n\t\t\t\t\t<div>\n\t\t\t\t\t\t\t<a href=\"https:\/\/www.innovation-salzburg.at\/?post_type=cpt_events&#038;p=14644&#038;preview=true#Programm &amp; Anmeldung\" class=\"btn btn-primary\" target=\"_blank\">\n\t\tProgramm &amp; Anmeldung\t<\/a>\n\t<\/p>\n\t\t\t\t\t<\/div>\n\t\t\t\t<\/div>\n\t\t\t<\/div>\n\t\t<\/div>\n\t\t\t<div class=\"row py-3\">\n\t\t\t\t\t\t\t\t\t\n\t\t\t<div class=\"col-md-6 d-flex flex-column justify-content-center align-items-center piece-image px-0 px-md-3 order-1 order-md-1\">\n\t\t\t\t<img decoding=\"async\" src=\"https:\/\/healing-alps.eu\/app\/uploads\/2023\/12\/037A7445-Verbessert-RR_k84wum-572x381.jpg\" alt=\"037A7445-Verbessert-RR_k84wum\">\t\t\t\t\t\t\t<\/div>\n\n\t\t\t<div class=\"col-md-6 d-flex flex-column justify-content-center align-items-center py-4 order-2 order-md-2\">\n\t\t\t\t<div class=\"narrower-text\">\n\t\t\t\t\t\t\t\t\t\t\t\t\t\t\t\t<div class=\"subheadline\">Event Recap 2023<\/div>\n\t\t\t\t\t\t\t\t\t\t\t\t\t\t\t\t<h3 class=\"mb-3\">\n\t\t\t\t\t\t\tTouristische Wertsch\u00f6pfung grenz\u00fcberschreitender EU-Projekte im Alpenraum\t\t\t\t\t\t<\/h3>\n\t\t\t\t\t\t\t\t\t\t<p>Projektverantwortliche grenz\u00fcberschreitender EU-Initiativen pr\u00e4sentierten Projektergebnisse und zeigten auf, wie diese Erkenntnisse und Produkte in den \u00f6sterreichischen Tourismussektor integriert werden k\u00f6nnen.<\/p>\n\t\t\t\t\t<div>\n\t\t\t\t\t\t\t<a href=\"https:\/\/www.bmaw.gv.at\/Themen\/Tourismus\/eu-internationales\/Themen-und-Veranstaltungen\/touristische-inwertsetzung-alpenraum.html#event-read-more\" class=\"btn btn-primary\" target=\"_blank\">\n\t\tWeiter lesen\t<\/a>\n\t<\/p>\n\t\t\t\t\t<\/div>\n\t\t\t\t<\/div>\n\t\t\t<\/div>\n\t\t<\/div>\n\t\t\t<div class=\"row py-3\">\n\t\t\t\t\t\t\t\t\t\n\t\t\t<div class=\"col-md-6 d-flex flex-column justify-content-center align-items-center piece-image px-0 px-md-3 order-1 order-md-3\">\n\t\t\t\t<img decoding=\"async\" src=\"https:\/\/healing-alps.eu\/app\/uploads\/2023\/12\/heilkraft-der-alpen-1120x717-1-572x366.jpg\" alt=\"heilkraft-der-alpen-1120x717\">\t\t\t\t\t\t\t<\/div>\n\n\t\t\t<div class=\"col-md-6 d-flex flex-column justify-content-center align-items-center py-4 order-2 order-md-2\">\n\t\t\t\t<div class=\"narrower-text\">\n\t\t\t\t\t\t\t\t\t\t\t\t\t\t\t\t<div class=\"subheadline\">Kongress-R\u00fcckblick 2023<\/div>\n\t\t\t\t\t\t\t\t\t\t\t\t\t\t\t\t<h3 class=\"mb-3\">\n\t\t\t\t\t\t\t&#8220;Healing Power of the Alps&#8221; im Lungau\t\t\t\t\t\t<\/h3>\n\t\t\t\t\t\t\t\t\t\t<p style=\"text-align: left;\">Im Juni 2023 fand der Fachkongress zur \u201eHealing Power of the Alps\u201c auf der Burg Mauterndorf im Lungau statt. Renommierte Expertinnen und Experten aus den Bereichen Medizin, Landwirtschaft, Tourismus und Alpenforschung wurden eingeladen, spannende Vortr\u00e4ge zu halten.Renowned experts from the fields of medicine, agriculture, tourism, and alpine research were invited to deliver engaging presentations.<\/p>\n\t\t\t\t\t<div>\n\t\t\t\t\t\t\t<a href=\"https:\/\/www.biosphaerenpark.eu\/heilkraft-der-alpen-lungau\/#congress-read-more\" class=\"btn btn-primary\" target=\"_blank\">\n\t\tWeiter lesen\t<\/a>\n\t<\/p>\n\t\t\t\t\t<\/div>\n\t\t\t\t<\/div>\n\t\t\t<\/div>\n\t\t<\/div>\n\t\t\t<div class=\"row py-3\">\n\t\t\t\t\t\t\t\t\t\n\t\t\t<div class=\"col-md-6 d-flex flex-column justify-content-center align-items-center piece-image px-0 px-md-3 order-1 order-md-1\">\n\t\t\t\t<img decoding=\"async\" src=\"https:\/\/healing-alps.eu\/app\/uploads\/2021\/10\/Sujet-klein-Heilkraft-der-Alpen-572x429.png\" alt=\"Sujet-klein-Heilkraft-der-Alpen\">\t\t\t\t\t\t\t<\/div>\n\n\t\t\t<div class=\"col-md-6 d-flex flex-column justify-content-center align-items-center py-4 order-2 order-md-2\">\n\t\t\t\t<div class=\"narrower-text\">\n\t\t\t\t\t\t\t\t\t\t\t\t\t\t\t\t<div class=\"subheadline\">Kongress-R\u00fcckblick 2021<\/div>\n\t\t\t\t\t\t\t\t\t\t\t\t\t\t\t\t<h3 class=\"mb-3\">\n\t\t\t\t\t\t\t&#8220;Healing Power of the Alps&#8221; in Gastein \t\t\t\t\t\t<\/h3>\n\t\t\t\t\t\t\t\t\t\t<p>Im Oktober 2021 traf sich die Gemeinschaft zum Internationalen Symposium in Bad Gastein, um ihr Wissen \u00fcber naturnahen und gesundheitsf\u00f6rdernden Tourismus als Motor aus der Krise zu teilen.<\/p>\n\t\t\t\t\t<div>\n\t\t\t\t\t\t\t<a href=\"https:\/\/healing-alps.eu\/de\/2023\/08\/10\/internationales-symposium-heilkraft-der-alpen\/#congress-2021-read-more\" class=\"btn btn-primary\">\n\t\tWeiter lesen\t<\/a>\n\t<\/p>\n\t\t\t\t\t<\/div>\n\t\t\t\t<\/div>\n\t\t\t<\/div>\n\t\t<\/div>\n\t<\/div>\n\t<style type=\"text\/css\">\n\t\t#content-pieces-block_273e00873d89fedacba2c5cc0c5ad8f1 {\n\t\t\tpadding-top: 10px;\n\t\t\tpadding-bottom: 10px;\n\t\t}\n\t<\/style>\n\t<\/div>\n\n<div style=\"height:100px\" aria-hidden=\"true\" class=\"wp-block-spacer\"><\/div>\n","protected":false},"excerpt":{"rendered":"<p> [&#8230;]<\/p>\n","protected":false},"author":5,"featured_media":0,"parent":0,"menu_order":0,"comment_status":"closed","ping_status":"closed","template":"","meta":{"_acf_changed":false,"footnotes":""},"class_list":["post-18685","page","type-page","status-publish","hentry"],"acf":[],"_links":{"self":[{"href":"https:\/\/healing-alps.eu\/de\/wp-json\/wp\/v2\/pages\/18685","targetHints":{"allow":["GET"]}}],"collection":[{"href":"https:\/\/healing-alps.eu\/de\/wp-json\/wp\/v2\/pages"}],"about":[{"href":"https:\/\/healing-alps.eu\/de\/wp-json\/wp\/v2\/types\/page"}],"author":[{"embeddable":true,"href":"https:\/\/healing-alps.eu\/de\/wp-json\/wp\/v2\/users\/5"}],"replies":[{"embeddable":true,"href":"https:\/\/healing-alps.eu\/de\/wp-json\/wp\/v2\/comments?post=18685"}],"version-history":[{"count":17,"href":"https:\/\/healing-alps.eu\/de\/wp-json\/wp\/v2\/pages\/18685\/revisions"}],"predecessor-version":[{"id":18720,"href":"https:\/\/healing-alps.eu\/de\/wp-json\/wp\/v2\/pages\/18685\/revisions\/18720"}],"wp:attachment":[{"href":"https:\/\/healing-alps.eu\/de\/wp-json\/wp\/v2\/media?parent=18685"}],"curies":[{"name":"wp","href":"https:\/\/api.w.org\/{rel}","templated":true}]}}