{"id":15434,"date":"2023-09-05T12:46:38","date_gmt":"2023-09-05T10:46:38","guid":{"rendered":"https:\/\/healing-alps.eu\/?page_id=15434"},"modified":"2025-07-21T15:04:44","modified_gmt":"2025-07-21T13:04:44","slug":"wissensbasis","status":"publish","type":"page","link":"https:\/\/healing-alps.eu\/de\/wissensbasis\/","title":{"rendered":"Projekte"},"content":{"rendered":"<div id=\"hero-headline-block_7cac8b9947178b98151f945b08af2e38\" class=\"hero-headline alpine-block container-fluid alignfull hide-leaves\" style=\"\">\n\t<div class=\"hero-headline-content text-white\" style=\"\">\n\t\t<h1 class=\"mb-4\">\n\t\t\t<span>\n\t\t\t\tProjekt\u00fcbersicht\t\t\t<\/span>\n\t\t\t\t\t<\/h1>\n\t\t<div class=\"text\"><p>Informieren Sie sich \u00fcber Projektergebnisse, wissenschaftliche Resultate und Best-Practice-Beispiele zum naturnahen und gesundheitsf\u00f6rdernden Tourismus im Alpenraum.<\/p>\n<\/div>\n\t\t<p><\/p>\n\t<\/div>\n<\/div>\n\n<div class=\"wp-block-columns is-layout-flex wp-container-core-columns-is-layout-9d6595d7 wp-block-columns-is-layout-flex\">\n<div class=\"wp-block-column is-layout-flow wp-block-column-is-layout-flow\" style=\"flex-basis:100%\"><\/div>\n<\/div>\n<div id=\"content-pieces-block_95d0edcf6888ee0040cb4c346898fec0\" class=\"content-pieces alpine-pieces alpine-block alignfull leaves\">\n\t<div class=\"container\">\n\t\t\t<div class=\"row py-3\">\n\t\t\t\t\t\t\t\t\t\n\t\t\t<div class=\"col-md-6 d-flex flex-column justify-content-center align-items-center piece-image px-0 px-md-3 order-1 order-md-3\">\n\t\t\t\t<img decoding=\"async\" src=\"https:\/\/healing-alps.eu\/app\/uploads\/2023\/08\/wiwa2-572x381.png\" alt=\"wiwa2\">\t\t\t\t\t\t\t<\/div>\n\n\t\t\t<div class=\"col-md-6 d-flex flex-column justify-content-center align-items-center py-4 order-2 order-md-2\">\n\t\t\t\t<div class=\"narrower-text\">\n\t\t\t\t\t\t\t\t\t\t\t\t\t\t\t\t<div class=\"subheadline\">Interreg \u00d6sterreich-Bayern<\/div>\n\t\t\t\t\t\t\t\t\t\t\t\t\t\t\t\t<h3 class=\"mb-3\">\n\t\t\t\t\t\t\tWiWa\u00b2\t\t\t\t\t\t<\/h3>\n\t\t\t\t\t\t\t\t\t\t<p style=\"text-align: left;\">Das WiWa\u00b2-Projekt erforscht Wirkfaktoren von Wald und Wasser f\u00fcr Gesundheit, Lebensqualit\u00e4t und nachhaltige Lebensraumentwicklung. In Zusammenarbeit mit Kliniken in Bad F\u00fcssing und Bad Hofgastein entsteht medizinische Evidenz f\u00fcr Natur-basierte Therapien mit neuen Natur-Rehab Formaten<\/p>\n\t\t\t\t\t<div>\n\t\t\t\t\t\t\t<a href=\"https:\/\/healing-alps.eu\/de\/projekt-wiwa2\/#WiWa\u00b2-more-information\" class=\"btn btn-primary\">\n\t\tMehr Informationen\t<\/a>\n\t<\/p>\n\t\t\t\t\t<\/div>\n\t\t\t\t<\/div>\n\t\t\t<\/div>\n\t\t<\/div>\n\t\t\t<div class=\"row py-3\">\n\t\t\t\t\t\t\t\t\t\n\t\t\t<div class=\"col-md-6 d-flex flex-column justify-content-center align-items-center piece-image px-0 px-md-3 order-1 order-md-1\">\n\t\t\t\t<img decoding=\"async\" src=\"https:\/\/healing-alps.eu\/app\/uploads\/2023\/08\/land-salzburg-1-572x381.png\" alt=\"land salzburg\">\t\t\t\t\t\t\t<\/div>\n\n\t\t\t<div class=\"col-md-6 d-flex flex-column justify-content-center align-items-center py-4 order-2 order-md-2\">\n\t\t\t\t<div class=\"narrower-text\">\n\t\t\t\t\t\t\t\t\t\t\t\t\t\t\t\t<div class=\"subheadline\">Land Salzburg F\u00f6rderung<\/div>\n\t\t\t\t\t\t\t\t\t\t\t\t\t\t\t\t<h3 class=\"mb-3\">\n\t\t\t\t\t\t\tGesund in die Zukunft\t\t\t\t\t\t<\/h3>\n\t\t\t\t\t\t\t\t\t\t<p>Im Projekt \u201cGesund in die Zukunft\u201d wurden im Zeitraum von 2020 bis Juni 2023 touristische Betriebe mithilfe von Innovations-Know-how und Gesundheitstourismus-Expertise unterst\u00fctzt, um Herausforderungen anzugehen und Trends im naturbasierten Tourismus zu nutzen. Ma\u00dfnahmen umfassten Workshops, den Fachkongress \u201cHeilkraft der Alpen 2023\u201d und ein Arbeitsbuch zur Produktentwicklung<\/p>\n\t\t\t\t\t<div>\n\t\t\t\t\t\t\t<a href=\"https:\/\/healing-alps.eu\/de\/projekt-gesund-in-die-zukunft\/#Gesund-in-die-Zukunft-more-information\" class=\"btn btn-primary\">\n\t\tMehr Informationen\t<\/a>\n\t<\/p>\n\t\t\t\t\t<\/div>\n\t\t\t\t<\/div>\n\t\t\t<\/div>\n\t\t<\/div>\n\t\t\t<div class=\"row py-3\">\n\t\t\t\t\t\t\t\t\t\n\t\t\t<div class=\"col-md-6 d-flex flex-column justify-content-center align-items-center piece-image px-0 px-md-3 order-1 order-md-3\">\n\t\t\t\t<img decoding=\"async\" src=\"https:\/\/healing-alps.eu\/app\/uploads\/2023\/08\/interreg-wald-1-572x381.png\" alt=\"interreg wald\">\t\t\t\t\t\t\t<\/div>\n\n\t\t\t<div class=\"col-md-6 d-flex flex-column justify-content-center align-items-center py-4 order-2 order-md-2\">\n\t\t\t\t<div class=\"narrower-text\">\n\t\t\t\t\t\t\t\t\t\t\t\t\t\t\t\t<div class=\"subheadline\">Interreg \u00d6sterreich-Bayern<\/div>\n\t\t\t\t\t\t\t\t\t\t\t\t\t\t\t\t<h3 class=\"mb-3\">\n\t\t\t\t\t\t\tNetzwerk Gesundheitstourismus Wald\t\t\t\t\t\t<\/h3>\n\t\t\t\t\t\t\t\t\t\t<p>In diesem Projekt \u00fcber einen Zeitraum von zwei Jahren (2020-2022) war es das Ziel, das komplexe und gesellschaftlich relevante Zusammenspiel von \u201cWald, Gesundheit &amp; Tourismus\u201d zu erforschen. Gemeinsam mit dem Projektteam sind nachhaltige Ans\u00e4tze f\u00fcr die gesundheitstouristische Nutzung lokaler Waldr\u00e4ume entwickelt worden.<\/p>\n\t\t\t\t\t<div>\n\t\t\t\t\t\t\t<a href=\"https:\/\/healing-alps.eu\/de\/projekt-wald\/#Network-Health-Tourism-Forest-more-information\" class=\"btn btn-primary\">\n\t\tMehr Informationen\t<\/a>\n\t<\/p>\n\t\t\t\t\t<\/div>\n\t\t\t\t<\/div>\n\t\t\t<\/div>\n\t\t<\/div>\n\t\t\t<div class=\"row py-3\">\n\t\t\t\t\t\t\t\t\t\n\t\t\t<div class=\"col-md-6 d-flex flex-column justify-content-center align-items-center piece-image px-0 px-md-3 order-1 order-md-1\">\n\t\t\t\t<img decoding=\"async\" src=\"https:\/\/healing-alps.eu\/app\/uploads\/2023\/08\/healps-572x381.png\" alt=\"healps\">\t\t\t\t\t\t\t<\/div>\n\n\t\t\t<div class=\"col-md-6 d-flex flex-column justify-content-center align-items-center py-4 order-2 order-md-2\">\n\t\t\t\t<div class=\"narrower-text\">\n\t\t\t\t\t\t\t\t\t\t\t\t\t\t\t\t<div class=\"subheadline\">Interreg Alpine Space<\/div>\n\t\t\t\t\t\t\t\t\t\t\t\t\t\t\t\t<h3 class=\"mb-3\">\n\t\t\t\t\t\t\tHEALPS\u00b2\t\t\t\t\t\t<\/h3>\n\t\t\t\t\t\t\t\t\t\t<p>Im Zeitraum von 2019 bis 2022 arbeitete ein 11-k\u00f6pfiges Konsortium im Rahmen des Projekts HEALPS\u00b2 gemeinsam daran, die Heilkraft der Alpen und ihre wertvollen Ressourcen f\u00fcr den nachhaltigen Gesundheitstourismus nutzbar zu machen. Das Projekt hat dazu beigetragen, den Alpenraum international als attraktiven Ort f\u00fcr Gesundheitsf\u00f6rderung noch ansprechender zu gestalten.<\/p>\n\t\t\t\t\t<div>\n\t\t\t\t\t\t\t<a href=\"https:\/\/healing-alps.eu\/de\/healps2\/#HEALPS\u00b2-more-information\" class=\"btn btn-primary\">\n\t\tMehr Informationen\t<\/a>\n\t<\/p>\n\t\t\t\t\t<\/div>\n\t\t\t\t<\/div>\n\t\t\t<\/div>\n\t\t<\/div>\n\t\t\t<div class=\"row py-3\">\n\t\t\t\t\t\t\t\t\t\n\t\t\t<div class=\"col-md-6 d-flex flex-column justify-content-center align-items-center piece-image px-0 px-md-3 order-1 order-md-3\">\n\t\t\t\t<img decoding=\"async\" src=\"https:\/\/healing-alps.eu\/app\/uploads\/2023\/08\/interreg-572x381.png\" alt=\"interreg\">\t\t\t\t\t\t\t<\/div>\n\n\t\t\t<div class=\"col-md-6 d-flex flex-column justify-content-center align-items-center py-4 order-2 order-md-2\">\n\t\t\t\t<div class=\"narrower-text\">\n\t\t\t\t\t\t\t\t\t\t\t\t\t\t\t\t<div class=\"subheadline\">Interreg \u00d6sterreich-Bayern<\/div>\n\t\t\t\t\t\t\t\t\t\t\t\t\t\t\t\t<h3 class=\"mb-3\">\n\t\t\t\t\t\t\tPfad der Gesundheit Nord\t\t\t\t\t\t<\/h3>\n\t\t\t\t\t\t\t\t\t\t<p>Im Zeitraum von 2015 bis 2018 galt dieses Projekt als wegweisend f\u00fcr grenz\u00fcbergreifenden Gesundheitstourismus in Europa. Schwerpunkte waren der Klimawandel in den Alpen, eine Fachkr\u00e4ftestrategie im (Gesundheits-)Tourismus, grenz\u00fcbergreifende Kompetenzentwicklung und die Jungbrunnen-BERG-Studie. Untersucht wurde die Wirksamkeit regionaler und nat\u00fcrlicher Heilmittel in Kombination mit Bewegung im alpinen Klima.<\/p>\n\t\t\t\t\t<div>\n\t\t\t\t\t\t\t<a href=\"https:\/\/healing-alps.eu\/de\/projekt-trail-for-health-nord\/#Trail-for-Health-Nord-more-information\" class=\"btn btn-primary\">\n\t\tMehr Informationen\t<\/a>\n\t<\/p>\n\t\t\t\t\t<\/div>\n\t\t\t\t<\/div>\n\t\t\t<\/div>\n\t\t<\/div>\n\t\t\t<div class=\"row py-3\">\n\t\t\t\t\t\t\t\t\t\n\t\t\t<div class=\"col-md-6 d-flex flex-column justify-content-center align-items-center piece-image px-0 px-md-3 order-1 order-md-1\">\n\t\t\t\t<img decoding=\"async\" src=\"https:\/\/healing-alps.eu\/app\/uploads\/2023\/08\/interrail_winhealth2-572x381.png\" alt=\"interrail_winhealth2\">\t\t\t\t\t\t\t<\/div>\n\n\t\t\t<div class=\"col-md-6 d-flex flex-column justify-content-center align-items-center py-4 order-2 order-md-2\">\n\t\t\t\t<div class=\"narrower-text\">\n\t\t\t\t\t\t\t\t\t\t\t\t\t\t\t\t<div class=\"subheadline\">Interreg Italien \u2013 \u00d6sterreich<\/div>\n\t\t\t\t\t\t\t\t\t\t\t\t\t\t\t\t<h3 class=\"mb-3\">\n\t\t\t\t\t\t\tWinHealth\t\t\t\t\t\t<\/h3>\n\t\t\t\t\t\t\t\t\t\t<p>WinHealth wurde im Zeitraum zwischen 2016 und 2019 von acht Partnern in den Regionen Salzburg, Tirol, S\u00fcdtirol und Friaul-Julisch Venetien umgesetzt. Ziel war es, wissenschaftlich fundierte gesundheitstouristische Winterangebote zu entwickeln, f\u00fcr ausgew\u00e4hlte Pilotregionen neue Gesch\u00e4ftsfelder zu erschlie\u00dfen und diese damit als Gesundheitsregionen zu positionieren.<\/p>\n\t\t\t\t\t<div>\n\t\t\t\t\t\t\t<a href=\"https:\/\/healing-alps.eu\/knowledge-base\/alm-und-gesundheit\/#WinHealth-more-information\" class=\"btn btn-primary\">\n\t\tMehr Informationen\t<\/a>\n\t<\/p>\n\t\t\t\t\t<\/div>\n\t\t\t\t<\/div>\n\t\t\t<\/div>\n\t\t<\/div>\n\t\t\t<div class=\"row py-3\">\n\t\t\t\t\t\t\t\t\t\n\t\t\t<div class=\"col-md-6 d-flex flex-column justify-content-center align-items-center piece-image px-0 px-md-3 order-1 order-md-3\">\n\t\t\t\t<img decoding=\"async\" src=\"https:\/\/healing-alps.eu\/app\/uploads\/2023\/08\/land-salzburg-1-572x381.png\" alt=\"land salzburg\">\t\t\t\t\t\t\t<\/div>\n\n\t\t\t<div class=\"col-md-6 d-flex flex-column justify-content-center align-items-center py-4 order-2 order-md-2\">\n\t\t\t\t<div class=\"narrower-text\">\n\t\t\t\t\t\t\t\t\t\t\t\t\t\t\t\t<div class=\"subheadline\">Geoverortete Mikrobiomforschung als Innovationsgrundlage in der Regionalentwicklung<\/div>\n\t\t\t\t\t\t\t\t\t\t\t\t\t\t\t\t<h3 class=\"mb-3\">\n\t\t\t\t\t\t\tWISS-Projekt Almen und Gesundheit\t\t\t\t\t\t<\/h3>\n\t\t\t\t\t\t\t\t\t\t<p>Die Almwirtschaft hat im Bundesland Salzburg eine jahrhundertealte Tradition, wobei die 1.800 aktiv bewirtschafteten Almen neben dem regionalwirtschaftlichen Aspekt auch ein enormes touristisches Potenzial darstellen. Almen wurden jedoch bis zum heutigen Tag noch nie aus dem Blickwinkel der Gesundheit betrachtet, obwohl sie \u00fcber eine ganze Vielzahl von gesundheitsf\u00f6rdernden Faktoren verf\u00fcgen. Neben den bekannten Remedien wie reine Luft, Vitamin D-Aufbau, H\u00f6henlage und Bewegungsf\u00f6rderung gibt es die wissenschaftliche Hypothese, dass die hohe Biodiversit\u00e4t an Mikroorganismen von Almen \u2013 das Alm-Mikrobiom bestehend aus Bakterien, Pilzen und Archaeen, \u00fcber komplexe immunologische Regelkreise antientz\u00fcndlich und gesundheitsf\u00f6rdernd wirkt<\/p>\n\t\t\t\t\t<div>\n\t\t\t\t\t\t\t<a href=\"https:\/\/healing-alps.eu\/knowledge-base\/alm-und-gesundheit\/#WISS-Projekt-Almen-und-Gesundheit-more-information\" class=\"btn btn-primary\">\n\t\tMehr Informationen\t<\/a>\n\t<\/p>\n\t\t\t\t\t<\/div>\n\t\t\t\t<\/div>\n\t\t\t<\/div>\n\t\t<\/div>\n\t<\/div>\n\t<style type=\"text\/css\">\n\t\t#content-pieces-block_95d0edcf6888ee0040cb4c346898fec0 {\n\t\t\tpadding-top: 10px;\n\t\t\tpadding-bottom: 10px;\n\t\t}\n\t<\/style>\n\t<\/div>\n\n<div style=\"height:100px\" aria-hidden=\"true\" class=\"wp-block-spacer\"><\/div>\n\n<p><\/p>\n","protected":false},"excerpt":{"rendered":"<p> [&#8230;]<\/p>\n","protected":false},"author":7,"featured_media":0,"parent":0,"menu_order":0,"comment_status":"closed","ping_status":"closed","template":"","meta":{"_acf_changed":false,"footnotes":""},"class_list":["post-15434","page","type-page","status-publish","hentry"],"acf":[],"_links":{"self":[{"href":"https:\/\/healing-alps.eu\/de\/wp-json\/wp\/v2\/pages\/15434","targetHints":{"allow":["GET"]}}],"collection":[{"href":"https:\/\/healing-alps.eu\/de\/wp-json\/wp\/v2\/pages"}],"about":[{"href":"https:\/\/healing-alps.eu\/de\/wp-json\/wp\/v2\/types\/page"}],"author":[{"embeddable":true,"href":"https:\/\/healing-alps.eu\/de\/wp-json\/wp\/v2\/users\/7"}],"replies":[{"embeddable":true,"href":"https:\/\/healing-alps.eu\/de\/wp-json\/wp\/v2\/comments?post=15434"}],"version-history":[{"count":39,"href":"https:\/\/healing-alps.eu\/de\/wp-json\/wp\/v2\/pages\/15434\/revisions"}],"predecessor-version":[{"id":18705,"href":"https:\/\/healing-alps.eu\/de\/wp-json\/wp\/v2\/pages\/15434\/revisions\/18705"}],"wp:attachment":[{"href":"https:\/\/healing-alps.eu\/de\/wp-json\/wp\/v2\/media?parent=15434"}],"curies":[{"name":"wp","href":"https:\/\/api.w.org\/{rel}","templated":true}]}}