{"id":15382,"date":"2023-09-12T11:23:34","date_gmt":"2023-09-12T09:23:34","guid":{"rendered":"https:\/\/healing-alps.eu\/?page_id=15382"},"modified":"2023-09-12T11:23:35","modified_gmt":"2023-09-12T09:23:35","slug":"projekt-gesund-in-die-zukunft","status":"publish","type":"page","link":"https:\/\/healing-alps.eu\/de\/projekt-gesund-in-die-zukunft\/","title":{"rendered":"Projekt Gesund in die Zukunft"},"content":{"rendered":"<div id=\"hero-headline-block_61653f048e44b\" class=\"hero-headline alpine-block container-fluid alignfull hide-leaves\" style=\"\">\n\t<div class=\"hero-headline-content text-white\" style=\"\">\n\t\t<h1 class=\"mb-4\">\n\t\t\t<span>\n\t\t\t\tGesund\t\t\t<\/span>\n\t\t\tin die Zukunft\t\t<\/h1>\n\t\t<div class=\"text\"><p>Naturbasierter und gesundheitsf\u00f6rdernder Tourismus im SalzburgerLand<\/p>\n<\/div>\n\t\t<p><\/p>\n\t<\/div>\n<\/div>\n\n\n\n<div style=\"height:100px\" aria-hidden=\"true\" class=\"wp-block-spacer\"><\/div>\n\n\n\n<div class=\"wp-block-group\"><div class=\"wp-block-group__inner-container is-layout-flow wp-block-group-is-layout-flow\"><div id=\"adjustable-text-block_63048689fd8f7\" class=\"adjustable-text alpine-block\">\n\t<div class=\"container text-center\">\n        <div class=\"mx-auto\" style=\"max-width: 750px;\">\n            <p>Im Rahmen des vom Land Salzburg gef\u00f6rderten Projekts \u201eGesund in die Zukunft\u201c wurde das Ziel verfolgt, touristische Betriebe und Regionen durch Innovations-Know-how mit gesundheits- und tourismuswissenschaftlicher Expertise aktiv bei der Bew\u00e4ltigung von aktuellen Herausforderungen und der Nutzung von Chancen und Trends zu unterst\u00fctzen. Die Projektaktivit\u00e4ten zielten dabei insbesondere auf einen naturbasierten und gesundheitsf\u00f6rdernden Tourismus ab.<\/p>\n<p>Hierzu wurde in enger Abstimmung mit den Praxispartnern geeignete Ma\u00dfnahmen der nachhaltigen Entwicklung des naturbasierten und gesundheitsf\u00f6rdernden Tourismus entwickelt. Dazu z\u00e4hlten Workshops und Webinare zur gesundheitstouristischen Produktentwicklung mit unterschiedlichen Tourismusregionen aus dem SalzburgerLand, Veranstaltungen wie der Fachkongress Heilkraft der Alpen 2023, die Entwicklung eines Arbeitsbuches mit Fokus auf die Gesundheitstouristischen Produktentwicklung f\u00fcr touristische Akteur:innen und das Alpine Health AI Scenario Tool.<\/p>\n        <\/div>\n\t<\/div>\n\t\t<style type=\"text\/css\">\n\t\t#adjustable-text-block_63048689fd8f7 {\n\t\t\tpadding-top: 1rem;\n\t\t\tpadding-bottom: 1rem;\n\t\t}\n\t<\/style>\n\t<\/div>\n<\/div><\/div>\n\n\n<div id=\"content-pieces-block_64e739af21a67\" class=\"content-pieces alpine-pieces alpine-block aligncenter leaves\">\n\t<div class=\"container\">\n\t\t\t<div class=\"row py-3\">\n\t\t\t\t\t\t\t\t\t\n\t\t\t<div class=\"col-md-6 d-flex flex-column justify-content-center align-items-center piece-image px-0 px-md-3 order-1 order-md-1\">\n\t\t\t\t<img decoding=\"async\" src=\"https:\/\/healing-alps.eu\/app\/uploads\/2023\/08\/landsbg2015_4c_72dpi.png\" alt=\"landsbg2015_4c_72dpi\">\t\t\t\t\t\t\t<\/div>\n\n\t\t\t<div class=\"col-md-6 d-flex flex-column justify-content-center align-items-center py-4 order-2 order-md-2\">\n\t\t\t\t<div class=\"narrower-text\">\n\t\t\t\t\t\t\t\t\t\t\t\t\t\t\t\t\t\t\t\t<ul>\n<li>Laufzeit: 07\/2020 bis 06\/2023<\/li>\n<li>F\u00f6rderung: Land Salzburg<\/li>\n<li>F\u00f6rdersumme: 347.718\u20ac<\/li>\n<\/ul>\n\t\t\t\t\t<div>\n\t\t\t\t\t\t<\/p>\n\t\t\t\t\t<\/div>\n\t\t\t\t<\/div>\n\t\t\t<\/div>\n\t\t<\/div>\n\t<\/div>\n\t<style type=\"text\/css\">\n\t\t#content-pieces-block_64e739af21a67 {\n\t\t\tpadding-top: 10px;\n\t\t\tpadding-bottom: 10px;\n\t\t}\n\t<\/style>\n\t<\/div>\n\n\n\n<div style=\"height:100px\" aria-hidden=\"true\" class=\"wp-block-spacer\"><\/div>\n\n\n<div id=\"subheadline-heading-block_6304863efd8f6\" class=\"subheadline-heading alpine-block bg-sky\">\n\t<div class=\"container text-center\">\n\t\t\t\t\t<div class=\"subheadline\">Schritt f\u00fcr Schritt zum buchbaren Angebot<\/div>\n\t\t\t\t\t\t\t<h2 class=\"m-0\">Gesundheitstouristische Produktentwicklung<\/h2>\n\t\t\t<\/div>\n\t\t<style type=\"text\/css\">\n\t\t#subheadline-heading-block_6304863efd8f6 {\n\t\t\tpadding-top: 60px;\n\t\t\tpadding-bottom: 1rem;\n\t\t}\n\t<\/style>\n\t<\/div>\n\n\n<div id=\"adjustable-text-block_64e7434321a69\" class=\"adjustable-text alpine-block\">\n\t<div class=\"container text-center\">\n        <div class=\"mx-auto\" style=\"max-width: 650px;\">\n            <p>In diesem Prozess mit vorgefertigten Templates zum ausf\u00fcllen wird durch verschiedene Produktentwicklungsphasen navigiert &#8211; angefangen bei der Ideenfindung und der Identifizierung von Schl\u00fcsselpartnern \u00fcber das Erkennen von regionalen Potenzialen bis zur Definition der Zielgruppen, der Entwicklung von Angebotsbausteinen und schlie\u00dflich der Umsetzung des finalen Produktpakets<\/p>\n<p>Alle Templates stehen zum kostenlosen Download als PDF zur Verf\u00fcgung<\/p>\n        <\/div>\n\t<\/div>\n\t\t<style type=\"text\/css\">\n\t\t#adjustable-text-block_64e7434321a69 {\n\t\t\tpadding-top: 1rem;\n\t\t\tpadding-bottom: 1rem;\n\t\t}\n\t<\/style>\n\t<\/div>\n\n\n<div id=\"content-pieces-block_64ddf1dc43e38\" class=\"content-pieces alpine-pieces alpine-block leaves\">\n\t<div class=\"container\">\n\t\t\t<div class=\"row py-3\">\n\t\t\t\t\t\t\t\t\t\n\t\t\t<div class=\"col-md-6 d-flex flex-column justify-content-center align-items-center piece-image px-0 px-md-3 order-1 order-md-3\">\n\t\t\t\t<img decoding=\"async\" src=\"https:\/\/healing-alps.eu\/app\/uploads\/2023\/08\/phase-a-ressourcen-572x370.png\" alt=\"phase a - ressourcen\">\t\t\t\t\t\t\t<\/div>\n\n\t\t\t<div class=\"col-md-6 d-flex flex-column justify-content-center align-items-center py-4 order-2 order-md-2\">\n\t\t\t\t<div class=\"narrower-text\">\n\t\t\t\t\t\t\t\t\t\t\t\t\t\t\t\t<div class=\"subheadline\">Phase A<\/div>\n\t\t\t\t\t\t\t\t\t\t\t\t\t\t\t\t<h3 class=\"mb-3\">\n\t\t\t\t\t\t\tRessourcen, Partner &amp; Zielgruppe\t\t\t\t\t\t<\/h3>\n\t\t\t\t\t\t\t\t\t\t<p>Inkludiert Sammeln und B\u00fcndeln aller relevanten regionalen Ressourcen, die Identifikation aller Akteure, die von dem Vorhaben ber\u00fchrt werden und das Identifizieren der Zielgruppen.<\/p>\n<p>&nbsp;<\/p>\n\t\t\t\t\t<div>\n\t\t\t\t\t\t\t<a href=\"https:\/\/healing-alps.eu\/app\/uploads\/2023\/08\/GesZU-Buch_Phase-A_komprimiert.pdf\" class=\"btn btn-outline-primary\" target=\"_blank\">\n\t\tTemplates Downloaden\t<\/a>\n\t<\/p>\n\t\t\t\t\t<\/div>\n\t\t\t\t<\/div>\n\t\t\t<\/div>\n\t\t<\/div>\n\t\t\t<div class=\"row py-3\">\n\t\t\t\t\t\t\t\t\t\n\t\t\t<div class=\"col-md-6 d-flex flex-column justify-content-center align-items-center piece-image px-0 px-md-3 order-1 order-md-1\">\n\t\t\t\t<img decoding=\"async\" src=\"https:\/\/healing-alps.eu\/app\/uploads\/2023\/08\/phase-a-partner-572x400.png\" alt=\"phase a - partner\">\t\t\t\t\t\t\t<\/div>\n\n\t\t\t<div class=\"col-md-6 d-flex flex-column justify-content-center align-items-center py-4 order-2 order-md-2\">\n\t\t\t\t<div class=\"narrower-text\">\n\t\t\t\t\t\t\t\t\t\t\t\t\t\t\t\t<div class=\"subheadline\">Phase B<\/div>\n\t\t\t\t\t\t\t\t\t\t\t\t\t\t\t\t<h3 class=\"mb-3\">\n\t\t\t\t\t\t\tEvidenzbasiertes Angebot\t\t\t\t\t\t<\/h3>\n\t\t\t\t\t\t\t\t\t\t<p>Entwicklung von authentischen und evidenzbasierten gesundheitstouristischen Angeboten.<\/p>\n\t\t\t\t\t<div>\n\t\t\t\t\t\t\t<a href=\"https:\/\/healing-alps.eu\/app\/uploads\/2023\/08\/GesZU-Buch_Phase-B_komprimiert.pdf\" class=\"btn btn-outline-primary\" target=\"_blank\">\n\t\tTemplates Downloaden\t<\/a>\n\t<\/p>\n\t\t\t\t\t<\/div>\n\t\t\t\t<\/div>\n\t\t\t<\/div>\n\t\t<\/div>\n\t\t\t<div class=\"row py-3\">\n\t\t\t\t\t\t\t\t\t\n\t\t\t<div class=\"col-md-6 d-flex flex-column justify-content-center align-items-center piece-image px-0 px-md-3 order-1 order-md-3\">\n\t\t\t\t<img decoding=\"async\" src=\"https:\/\/healing-alps.eu\/app\/uploads\/2023\/08\/phase-c-572x380.png\" alt=\"phase c\">\t\t\t\t\t\t\t<\/div>\n\n\t\t\t<div class=\"col-md-6 d-flex flex-column justify-content-center align-items-center py-4 order-2 order-md-2\">\n\t\t\t\t<div class=\"narrower-text\">\n\t\t\t\t\t\t\t\t\t\t\t\t\t\t\t\t<div class=\"subheadline\">Phase C<\/div>\n\t\t\t\t\t\t\t\t\t\t\t\t\t\t\t\t<h3 class=\"mb-3\">\n\t\t\t\t\t\t\tTesten &amp; Vermarkten\t\t\t\t\t\t<\/h3>\n\t\t\t\t\t\t\t\t\t\t<p>Testen, Preisfindung und Vermarktung des Gesamtpaket.<\/p>\n\t\t\t\t\t<div>\n\t\t\t\t\t\t\t<a href=\"https:\/\/healing-alps.eu\/app\/uploads\/2023\/08\/GesZU-Buch_Phase-C_komprimiert.pdf\" class=\"btn btn-outline-primary\" target=\"_blank\">\n\t\tTemplates downloaden\t<\/a>\n\t<\/p>\n\t\t\t\t\t<\/div>\n\t\t\t\t<\/div>\n\t\t\t<\/div>\n\t\t<\/div>\n\t<\/div>\n\t<style type=\"text\/css\">\n\t\t#content-pieces-block_64ddf1dc43e38 {\n\t\t\tpadding-top: 10px;\n\t\t\tpadding-bottom: 10px;\n\t\t}\n\t<\/style>\n\t<\/div>\n\n\n\n<div style=\"height:100px\" aria-hidden=\"true\" class=\"wp-block-spacer\"><\/div>\n\n\n<div id=\"subheadline-heading-block_64e745c621a6a\" class=\"subheadline-heading alpine-block bg-sky\">\n\t<div class=\"container text-center\">\n\t\t\t\t\t<div class=\"subheadline\">zur Unterst\u00fctzung der gesundheitstouristischen Produktentwicklung<\/div>\n\t\t\t\t\t\t\t<h2 class=\"m-0\">Alpine Health AI Scenario Tool<\/h2>\n\t\t\t<\/div>\n\t\t<style type=\"text\/css\">\n\t\t#subheadline-heading-block_64e745c621a6a {\n\t\t\tpadding-top: 60px;\n\t\t\tpadding-bottom: 1rem;\n\t\t}\n\t<\/style>\n\t<\/div>\n\n\n\n<div style=\"height:100px\" aria-hidden=\"true\" class=\"wp-block-spacer\"><\/div>\n\n\n\n<p class=\"has-text-align-center\"><strong>Bald verf\u00fcgbar! <\/strong><\/p>\n\n\n\n<div style=\"height:100px\" aria-hidden=\"true\" class=\"wp-block-spacer\"><\/div>\n\n\n\n<div style=\"height:100px\" aria-hidden=\"true\" class=\"wp-block-spacer\"><\/div>\n\n\n<div id=\"email-signup-block_6164424188581\" class=\"email-signup alpine-block alignfull\">\n\t<div class=\"container text-white text-center\">\n\t\t\t\t\t<div class=\"font-weight-bold mb-0\">ABONNIEREN<\/div>\n\t\t\t\t\t\t\t<h2>\n\t\t\t\t<span>Newsletter<\/span>\n\t\t\t\t\t\t\t<\/h2>\n\t\t\n\t\t<form action=\"https:\/\/healing-alps.us5.list-manage.com\/subscribe\/post?u=ea25d4434cfebdf1a0c3ac696&amp;id=\" method=\"post\" class=\"form-mw pb-5\" name=\"mc-embedded-subscribe-form\" target=\"_blank\">\n\t<p>Abonnieren Sie unseren Newsletter, um aktuelle Informationen zu erhalten.<\/p>\n\n\t<div class=\"form-group\">\n\t\t<input type=\"email\" class=\"form-control text-center\" placeholder=\"Geben Sie Ihre E-Mail-Adresse ein\" value=\"\" name=\"EMAIL\" required=\"required\" \/>\n\t<\/div>\n\n\t<div class=\"form-group form-check\">\n\t\t<input type=\"checkbox\" class=\"form-check-input\" value=\"Y\" id=\"gdpr_email-signup-block_6164424188581\" name=\"gdpr[354970]\" required=\"required\">\n\t\t<label class=\"form-check-label\" for=\"gdpr_email-signup-block_6164424188581\">Ich stimme den <a href=\"https:\/\/healing-alps.eu\/de\/datenschutz\/\" target=\"_blank\">Bedingungen und Konditionen<\/a> zu.<\/label>\n\t<\/div>\n\t<p>\n\t\t<input type=\"submit\" value=\"Anmeldung zum Newsletter\" name=\"subscribe\" class=\"btn btn-primary\">\n\t<\/p>\n\n\t<!-- real people should not fill this in and expect good things - do not remove this or risk form bot signups-->\n\t<div style=\"position: absolute; left: -5000px;\" aria-hidden=\"true\"><input type=\"text\" name=\"b_ea25d4434cfebdf1a0c3ac696_5a152f621b\" tabindex=\"-1\" value=\"\"><\/div>\n\t<input type=\"hidden\" name=\"MMERGE2\" value=\"Newsletter\">\n<\/form>\n\t<\/div>\n<\/div>\n","protected":false},"excerpt":{"rendered":"<p>Bald verf\u00fcgbar! [&#8230;]<\/p>\n","protected":false},"author":7,"featured_media":0,"parent":0,"menu_order":0,"comment_status":"closed","ping_status":"closed","template":"","meta":{"_acf_changed":false,"footnotes":""},"class_list":["post-15382","page","type-page","status-publish","hentry"],"acf":[],"_links":{"self":[{"href":"https:\/\/healing-alps.eu\/de\/wp-json\/wp\/v2\/pages\/15382","targetHints":{"allow":["GET"]}}],"collection":[{"href":"https:\/\/healing-alps.eu\/de\/wp-json\/wp\/v2\/pages"}],"about":[{"href":"https:\/\/healing-alps.eu\/de\/wp-json\/wp\/v2\/types\/page"}],"author":[{"embeddable":true,"href":"https:\/\/healing-alps.eu\/de\/wp-json\/wp\/v2\/users\/7"}],"replies":[{"embeddable":true,"href":"https:\/\/healing-alps.eu\/de\/wp-json\/wp\/v2\/comments?post=15382"}],"version-history":[{"count":5,"href":"https:\/\/healing-alps.eu\/de\/wp-json\/wp\/v2\/pages\/15382\/revisions"}],"predecessor-version":[{"id":16404,"href":"https:\/\/healing-alps.eu\/de\/wp-json\/wp\/v2\/pages\/15382\/revisions\/16404"}],"wp:attachment":[{"href":"https:\/\/healing-alps.eu\/de\/wp-json\/wp\/v2\/media?parent=15382"}],"curies":[{"name":"wp","href":"https:\/\/api.w.org\/{rel}","templated":true}]}}