{"id":15340,"date":"2023-09-11T14:09:00","date_gmt":"2023-09-11T12:09:00","guid":{"rendered":"https:\/\/healing-alps.eu\/?page_id=15340"},"modified":"2026-02-02T14:30:23","modified_gmt":"2026-02-02T12:30:23","slug":"projekt-wiwa2","status":"publish","type":"page","link":"https:\/\/healing-alps.eu\/de\/projekt-wiwa2\/","title":{"rendered":"Projekt WiWa2"},"content":{"rendered":"<div id=\"hero-headline-block_b2a60b8383892b02c864147a77d84791\" class=\"hero-headline alpine-block container-fluid alignfull\" style=\"\">\n\t<div class=\"hero-headline-content text-white\" style=\"\">\n\t\t<h1 class=\"mb-4\">\n\t\t\t<span>\n\t\t\t\tWiWa\u00b2\t\t\t<\/span>\n\t\t\t\t\t<\/h1>\n\t\t<div class=\"text\"><p><strong><u>Wi<\/u><\/strong>rkfaktoren der nat\u00fcrlichen Heilressourcen\u00a0<strong><u>Wa<\/u><\/strong>ld und\u00a0<strong><u>Wa<\/u><\/strong>sser zur Steigerung von Gesundheit und Lebensqualit\u00e4t als touristischer Beitrag einer nachhaltigen Lebensraumentwicklung.<\/p>\n<\/div>\n\t\t<p><\/p>\n\t<\/div>\n<\/div>\n\n\n\n<div style=\"height:100px\" aria-hidden=\"true\" class=\"wp-block-spacer\"><\/div>\n\n\n<div id=\"adjustable-text-block_75a9a5f19db07d56e8b3e57e9675bfe1\" class=\"adjustable-text alpine-block alignfull\">\n\t<div class=\"container text-center\">\n        <div class=\"mx-auto\" style=\"max-width: 650px;\">\n            <p>Dieses grenz\u00fcberschreitende Projekt untersucht neue evidenzbasierte Ans\u00e4tze zur Wirksamkeit von Naturr\u00e4umen auf Gesundheit und Lebensqualit\u00e4t der Bev\u00f6lkerung und bestimmter Patientenpopulationen.<\/p>\n<p>Dazu werden u.a. in\u00a0<strong>Bad F\u00fcssing (Bayern\/Deutschland)\u00a0<\/strong>und\u00a0<strong>Bad Hofgastein (Salzburg\/\u00d6sterreich)<\/strong> klinische Studien durchgef\u00fchrt, um medizinische Evidenz f\u00fcr Naturbasierte Therapien zu schaffen, die ausgehend vom klinischen Bereich und dessen Indikationen neue Rehab-Formate in der umliegenden<br \/>\nNatur \u2013 insbesondere Wald und Wasser \u2013 integriert.<\/p>\n<p>So werden beispielsweise indikationsspezifische Waldtherapien evaluiert, sowie naturbasierte und gesundheitsf\u00f6rdernde Angebote entwickelt. Dadurch k\u00f6nnen regionale Wertsch\u00f6pfungsketten durch die Inwertsetzung der umliegender Heilressourcen gest\u00e4rkt und der Naturraum besser gemanagt und gesch\u00fctzt werden.<\/p>\n        <\/div>\n\t<\/div>\n\t\t<style type=\"text\/css\">\n\t\t#adjustable-text-block_75a9a5f19db07d56e8b3e57e9675bfe1 {\n\t\t\tpadding-top: 1rem;\n\t\t\tpadding-bottom: 1rem;\n\t\t}\n\t<\/style>\n\t<\/div>\n\n\n<div id=\"content-pieces-block_91ab1d482bd081fcc924c3efbf043710\" class=\"content-pieces alpine-pieces alpine-block alignfull leaves\">\n\t<div class=\"container\">\n\t\t\t<div class=\"row py-3\">\n\t\t\t\t\t\t\t\t\t\n\t\t\t<div class=\"col-md-6 d-flex flex-column justify-content-center align-items-center piece-image px-0 px-md-3 order-1 order-md-1\">\n\t\t\t\t<img decoding=\"async\" src=\"https:\/\/healing-alps.eu\/app\/uploads\/2023\/08\/INTERREG_Logo_RGB_fuer_wei\u251c\u0192er_HG-572x126.png\" alt=\"INTERREG_Logo_RGB_fuer_wei\u251c\u0192er_HG\">\t\t\t\t\t\t\t<\/div>\n\n\t\t\t<div class=\"col-md-6 d-flex flex-column justify-content-center align-items-center py-4 order-2 order-md-2\">\n\t\t\t\t<div class=\"narrower-text\">\n\t\t\t\t\t\t\t\t\t\t\t\t\t\t\t\t\t\t\t\t<ul>\n<li><strong>Laufzeit: <\/strong>01\/2023 bis 12\/2025<\/li>\n<li><strong>F\u00f6rderprogramm: <\/strong>Interreg \u00d6sterreich-Bayern<\/li>\n<li><strong>F\u00f6rdersumme: <\/strong>\u20ac875.000<\/li>\n<\/ul>\n\t\t\t\t\t<div>\n\t\t\t\t\t\t<\/p>\n\t\t\t\t\t<\/div>\n\t\t\t\t<\/div>\n\t\t\t<\/div>\n\t\t<\/div>\n\t\t\t<div class=\"row py-3\">\n\t\t\t\t\t\t\t\t\t\n\t\t\t<div class=\"col-md-6 d-flex flex-column justify-content-center align-items-center piece-image px-0 px-md-3 order-1 order-md-3\">\n\t\t\t\t<img decoding=\"async\" src=\"https:\/\/healing-alps.eu\/app\/uploads\/2023\/08\/WiWa_Logo23_schw-1-e1692867166916.jpg\" alt=\"WiWa_Logo23_schw\">\t\t\t\t\t\t\t<\/div>\n\n\t\t\t<div class=\"col-md-6 d-flex flex-column justify-content-center align-items-center py-4 order-2 order-md-2\">\n\t\t\t\t<div class=\"narrower-text\">\n\t\t\t\t\t\t\t\t\t\t\t\t\t\t\t\t\t\t\t\t<h5 class=\"mb-3\">Projektoutcomes:<\/h5>\n<ul>\n<li>Potentialkarten zur Inwertsetzung nat\u00fcrlicher Heilressourcen zur Erh\u00f6hung der Lebensqualit\u00e4t f\u00fcr Einheimische und G\u00e4ste.<br \/>\nDownloads als PDF: <a href=\"https:\/\/healing-alps.eu\/app\/uploads\/2026\/02\/WiWa2_Output1.1_Potenzialkarte_Gastein.pdf\">Gastein<\/a>, <a href=\"https:\/\/healing-alps.eu\/app\/uploads\/2026\/02\/WiWa2_Output1.1_Potenzialkarte_Bad-Fussing.pdf\">Bad F\u00fcssing<\/a>, <a href=\"https:\/\/healing-alps.eu\/app\/uploads\/2026\/02\/WiWa2_Output1.1_Potenzialkarte_Bad-Worishofen.pdf\">Bad W\u00f6rishofen<\/a><\/li>\n<li>Leitfaden zur nachhaltigen Lebensraumentwicklung durch naturbasierten Gesundheitstourismus.<br \/>\n<a href=\"https:\/\/healing-alps.eu\/app\/uploads\/2026\/02\/WiWa2_Output1.2_Leitfaden_small.pdf\">Download als PDF<\/a><\/li>\n<li>Nachhaltigkeitsstrategie f\u00fcr Kliniken, Tourismus und Gemeinden zur Schaffung<br \/>\nresilienter und diversifizierter Angebote im Gesundheitsbereich auf lokaler Ebene.<br \/>\n<a href=\"https:\/\/healing-alps.eu\/app\/uploads\/2026\/02\/WiWa2_Output1.3_Aktionsplan.pdf\">Download als PDF<\/a><\/li>\n<\/ul>\n<p>&nbsp;<\/p>\n\t\t\t\t\t<div>\n\t\t\t\t\t\t<\/p>\n\t\t\t\t\t<\/div>\n\t\t\t\t<\/div>\n\t\t\t<\/div>\n\t\t<\/div>\n\t<\/div>\n\t<style type=\"text\/css\">\n\t\t#content-pieces-block_91ab1d482bd081fcc924c3efbf043710 {\n\t\t\tpadding-top: 10px;\n\t\t\tpadding-bottom: 10px;\n\t\t}\n\t<\/style>\n\t<\/div>\n\n\n\n<div class=\"wp-block-columns is-layout-flex wp-container-core-columns-is-layout-9d6595d7 wp-block-columns-is-layout-flex\">\n<div class=\"wp-block-column is-layout-flow wp-block-column-is-layout-flow\"><\/div>\n<\/div>\n\n\n<div class=\"wp-block-image\">\n<figure class=\"aligncenter size-large\"><img loading=\"lazy\" decoding=\"async\" width=\"1024\" height=\"576\" src=\"https:\/\/healing-alps.eu\/app\/uploads\/2023\/08\/news-wiwa2-heilressourcen-edited-1024x576.jpg\" alt=\"\" class=\"wp-image-15683\" style=\"aspect-ratio:16\/9;object-fit:contain\" srcset=\"https:\/\/healing-alps.eu\/app\/uploads\/2023\/08\/news-wiwa2-heilressourcen-edited-1024x576.jpg 1024w, https:\/\/healing-alps.eu\/app\/uploads\/2023\/08\/news-wiwa2-heilressourcen-edited-300x169.jpg 300w, https:\/\/healing-alps.eu\/app\/uploads\/2023\/08\/news-wiwa2-heilressourcen-edited-768x432.jpg 768w, https:\/\/healing-alps.eu\/app\/uploads\/2023\/08\/news-wiwa2-heilressourcen-edited-1536x864.jpg 1536w, https:\/\/healing-alps.eu\/app\/uploads\/2023\/08\/news-wiwa2-heilressourcen-edited-2048x1151.jpg 2048w, https:\/\/healing-alps.eu\/app\/uploads\/2023\/08\/news-wiwa2-heilressourcen-edited-572x322.jpg 572w\" sizes=\"auto, (max-width: 1024px) 100vw, 1024px\" \/><figcaption class=\"wp-element-caption\">Bildnachweis: (c) PMU, Daxenbichler&nbsp;<\/figcaption><\/figure>\n<\/div>\n\n<style type=\"text\/css\">\n\t#grid-sectionblock_c91b3225feeb64e62aa514519d36656f {\n\t\tbackground-image: url('');\n\t}\n\n    #grid-sectionblock_c91b3225feeb64e62aa514519d36656f .d-grid {\n        grid-template-columns: repeat(5, minmax(0, 1fr));\n\t}\n\n                                        \n<\/style>\n\n<div id=\"grid-sectionblock_c91b3225feeb64e62aa514519d36656f\" class=\"grid-section alpine-block alignfull\">\n\t<div class=\"container\">\n        <div class=\"text-center\">\n                                            <\/div>\n        <div class=\"d-grid\">\n                            <div class=\"grid-item\">\n                    <div class=\"grid-item-image \" style=\"background-image:url(https:\/\/healing-alps.eu\/app\/uploads\/2023\/08\/PMU_Logo_horizontal_cmyk_pos_blau_Druck-1-scaled-e1702998409846.jpg)\"><\/div>\n                                    <\/div>\n                            <div class=\"grid-item\">\n                    <div class=\"grid-item-image \" style=\"background-image:url(https:\/\/healing-alps.eu\/app\/uploads\/2023\/08\/LMU_Logo_gruen.png)\"><\/div>\n                                    <\/div>\n                            <div class=\"grid-item\">\n                    <div class=\"grid-item-image \" style=\"background-image:url(https:\/\/healing-alps.eu\/app\/uploads\/2023\/08\/test_innovation-salzburg.webp)\"><\/div>\n                                    <\/div>\n                            <div class=\"grid-item\">\n                    <div class=\"grid-item-image \" style=\"background-image:url(https:\/\/healing-alps.eu\/app\/uploads\/2023\/08\/Gastein-blau-png.png)\"><\/div>\n                                    <\/div>\n                            <div class=\"grid-item\">\n                    <div class=\"grid-item-image \" style=\"background-image:url(https:\/\/healing-alps.eu\/app\/uploads\/2023\/08\/LOGO-RFZ-FINAL-CMYK-mit-Namenszusatzen.png)\"><\/div>\n                                    <\/div>\n                    <\/div>\n\t\t            <div class=\"text-center\">\n                            <\/div>\n\t\t\t<\/div>\n\t\t<style type=\"text\/css\">\n\t\t#grid-sectionblock_c91b3225feeb64e62aa514519d36656f {\n\t\t\tpadding-top: 50px;\n\t\t\tpadding-bottom: 60px ;\n\t\t}\n\t<\/style>\n\t<\/div>\n\n\n\n<div class=\"wp-block-columns is-layout-flex wp-container-core-columns-is-layout-9d6595d7 wp-block-columns-is-layout-flex\">\n<div class=\"wp-block-column has-background is-layout-flow wp-block-column-is-layout-flow\" style=\"background-color:#ebf9ff\"><div id=\"colored-section-block_780c63d93e5a227817d8f220a230f784\" class=\"colored-section alpine-block alignfull bg-sky\">\n\t<div class=\"container\">\n\t\t<h5><strong>Weiterf\u00fchrende Links:<\/strong><\/h5>\n<p><a href=\"https:\/\/www.pmu.ac.at\/news\/article\/neue-rehab-formate-in-der-natur-kick-off-fuer-eu-interreg-projekt-wiwa2.html\">WiWa\u00b2 Kick-Off in Salzburg<\/a><\/p>\n<p><a href=\"https:\/\/www.pmu.ac.at\/ecomedicine.html\">Institut f\u00fcr \u00d6komedizin<\/a><\/p>\n<p><a href=\"https:\/\/www.interreg-bayaut.net\/\">Interreg VI-A Bayern-\u00d6sterreich 2021-2027<\/a><\/p>\n\t<\/div>\n\t\t<style type=\"text\/css\">\n\t\t#colored-section-block_780c63d93e5a227817d8f220a230f784 {\n\t\t\tpadding-top: 60px;\n\t\t\tpadding-bottom: 50px;\n\t\t}\n\t<\/style>\n\t<\/div>\n<\/div>\n\n\n\n<div class=\"wp-block-column has-background is-layout-flow wp-block-column-is-layout-flow\" style=\"background-color:#04b16f\"><div id=\"colored-section-block_ad66029379a6baf0964d038164f65b23\" class=\"colored-section alpine-block alignfull bg-grass text-white\">\n\t<div class=\"container\">\n\t\t<h5><strong>Projektpartner:<\/strong><\/h5>\n<ul>\n<li>LEAD: Paracelsus Medizinische Universit\u00e4t Salzburg (PMU)<br \/>\n\u2013 Institut f\u00fcr \u00d6komedizin\u00d6komedizin<\/li>\n<li>Ludwig-Maximilians-Universit\u00e4t M\u00fcnchen (LMU) &#8211; Lehrstuhl f\u00fcr Public Health und Versorgungsforschung (IBE)<\/li>\n<li>Innovation Salzburg GmbH<\/li>\n<li>Kur- und Tourismusverband Bad Hofgastein<\/li>\n<li>Deutsche Rentenversicherung Bayern S\u00fcd &#8211; REHAFACHZENTRUM Bad F\u00fcssing &#8211; Passau<\/li>\n<\/ul>\n<p>&nbsp;<\/p>\n<p>&nbsp;<\/p>\n\t<\/div>\n\t\t<style type=\"text\/css\">\n\t\t#colored-section-block_ad66029379a6baf0964d038164f65b23 {\n\t\t\tpadding-top: 60px;\n\t\t\tpadding-bottom: 50px;\n\t\t}\n\t<\/style>\n\t<\/div>\n<\/div>\n<\/div>\n\n\n<div id=\"email-signup-block_23af79228ca4f2c504e58760d33bd9f4\" class=\"email-signup alpine-block alignfull\">\n\t<div class=\"container text-white text-center\">\n\t\t\t\t\t<div class=\"font-weight-bold mb-0\">ABONNIEREN<\/div>\n\t\t\t\t\t\t\t<h2>\n\t\t\t\t<span>Newsletter<\/span>\n\t\t\t\t\t\t\t<\/h2>\n\t\t\n\t\t<form action=\"https:\/\/healing-alps.us5.list-manage.com\/subscribe\/post?u=ea25d4434cfebdf1a0c3ac696&amp;id=\" method=\"post\" class=\"form-mw pb-5\" name=\"mc-embedded-subscribe-form\" target=\"_blank\">\n\t<p>Abonnieren Sie unseren Newsletter, um aktuelle Informationen zu erhalten.<\/p>\n\n\t<div class=\"form-group\">\n\t\t<input type=\"email\" class=\"form-control text-center\" placeholder=\"Geben Sie Ihre E-Mail-Adresse ein\" value=\"\" name=\"EMAIL\" required=\"required\" \/>\n\t<\/div>\n\n\t<div class=\"form-group form-check\">\n\t\t<input type=\"checkbox\" class=\"form-check-input\" value=\"Y\" id=\"gdpr_email-signup-block_23af79228ca4f2c504e58760d33bd9f4\" name=\"gdpr[354970]\" required=\"required\">\n\t\t<label class=\"form-check-label\" for=\"gdpr_email-signup-block_23af79228ca4f2c504e58760d33bd9f4\">Ich stimme den <a href=\"https:\/\/healing-alps.eu\/de\/datenschutz\/\" target=\"_blank\">Bedingungen und Konditionen<\/a> zu.<\/label>\n\t<\/div>\n\t<p>\n\t\t<input type=\"submit\" value=\"Anmeldung zum Newsletter\" name=\"subscribe\" class=\"btn btn-primary\">\n\t<\/p>\n\n\t<!-- real people should not fill this in and expect good things - do not remove this or risk form bot signups-->\n\t<div style=\"position: absolute; left: -5000px;\" aria-hidden=\"true\"><input type=\"text\" name=\"b_ea25d4434cfebdf1a0c3ac696_5a152f621b\" tabindex=\"-1\" value=\"\"><\/div>\n\t<input type=\"hidden\" name=\"MMERGE2\" value=\"Newsletter\">\n<\/form>\n\t<\/div>\n<\/div>\n","protected":false},"excerpt":{"rendered":"<p> [&#8230;]<\/p>\n","protected":false},"author":7,"featured_media":0,"parent":0,"menu_order":0,"comment_status":"closed","ping_status":"closed","template":"","meta":{"_acf_changed":false,"footnotes":""},"class_list":["post-15340","page","type-page","status-publish","hentry"],"acf":[],"_links":{"self":[{"href":"https:\/\/healing-alps.eu\/de\/wp-json\/wp\/v2\/pages\/15340","targetHints":{"allow":["GET"]}}],"collection":[{"href":"https:\/\/healing-alps.eu\/de\/wp-json\/wp\/v2\/pages"}],"about":[{"href":"https:\/\/healing-alps.eu\/de\/wp-json\/wp\/v2\/types\/page"}],"author":[{"embeddable":true,"href":"https:\/\/healing-alps.eu\/de\/wp-json\/wp\/v2\/users\/7"}],"replies":[{"embeddable":true,"href":"https:\/\/healing-alps.eu\/de\/wp-json\/wp\/v2\/comments?post=15340"}],"version-history":[{"count":8,"href":"https:\/\/healing-alps.eu\/de\/wp-json\/wp\/v2\/pages\/15340\/revisions"}],"predecessor-version":[{"id":18763,"href":"https:\/\/healing-alps.eu\/de\/wp-json\/wp\/v2\/pages\/15340\/revisions\/18763"}],"wp:attachment":[{"href":"https:\/\/healing-alps.eu\/de\/wp-json\/wp\/v2\/media?parent=15340"}],"curies":[{"name":"wp","href":"https:\/\/api.w.org\/{rel}","templated":true}]}}