{"id":15271,"date":"2023-09-12T11:24:58","date_gmt":"2023-09-12T09:24:58","guid":{"rendered":"https:\/\/healing-alps.eu\/?page_id=15271"},"modified":"2023-09-12T11:24:59","modified_gmt":"2023-09-12T09:24:59","slug":"projekt-wald","status":"publish","type":"page","link":"https:\/\/healing-alps.eu\/de\/projekt-wald\/","title":{"rendered":"Projekt Wald"},"content":{"rendered":"<div id=\"hero-headline-block_61653f048e44b\" class=\"hero-headline alpine-block container-fluid alignfull hide-leaves\" style=\"\">\n\t<div class=\"hero-headline-content text-white\" style=\"\">\n\t\t<h1 class=\"mb-4\">\n\t\t\t<span>\n\t\t\t\tNetzwerk\t\t\t<\/span>\n\t\t\tGesundheits\u00adtourismus Wald\t\t<\/h1>\n\t\t<div class=\"text\"><p>Etablierung eines Kooperationsnetzwerkes zur Entwicklung nachhaltiger Gesch\u00e4ftsmodelle f\u00fcr die gesundheitstouristische Nutzung von W\u00e4ldern in \u00d6sterreich und Bayern.<\/p>\n<\/div>\n\t\t<p>\t<a href=\"https:\/\/netzwerk-gesundheitstourismus-wald.de\/\" class=\"btn btn-primary\" target=\"_blank\">\n\t\tProjektwebsite\t<\/a>\n\t<\/p>\n\t<\/div>\n<\/div>\n\n\n\n<div style=\"height:100px\" aria-hidden=\"true\" class=\"wp-block-spacer\"><\/div>\n\n\n<div id=\"adjustable-text-block_63048689fd8f7\" class=\"adjustable-text alpine-block\">\n\t<div class=\"container text-center\">\n        <div class=\"mx-auto\" style=\"max-width: 500px;\">\n            <p>Dieses Projekt untersuchte die M\u00f6glichkeiten f\u00fcr nachhaltige Nutzungsformen und Gesch\u00e4ftsmodelle, die durch die Zusammenarbeit von Waldwirtschaft, Tourismus und der Gesundheitsbranche entstehen k\u00f6nnen. Hierzu wurden unter anderem die Perspektiven aller relevanten Wald-Akteure untersucht, eine klinische Studie zur Wirkung von Wald-Therapie bei stressbelasteten Menschen durchgef\u00fchrt und gemeinsam mit f\u00fcnf Pilotorten in Bayern und \u00d6sterreich Ideen zur touristischen Inwertsetzung des Naturraums Wald erarbeitet.<\/p>\n        <\/div>\n\t<\/div>\n\t\t<style type=\"text\/css\">\n\t\t#adjustable-text-block_63048689fd8f7 {\n\t\t\tpadding-top: 1rem;\n\t\t\tpadding-bottom: 1rem;\n\t\t}\n\t<\/style>\n\t<\/div>\n\n\n<div id=\"content-pieces-block_64e7618ef95e5\" class=\"content-pieces alpine-pieces alpine-block aligncenter leaves\">\n\t<div class=\"container\">\n\t\t\t<div class=\"row py-3\">\n\t\t\t\t\t\t\t\t\t\n\t\t\t<div class=\"col-md-6 d-flex flex-column justify-content-center align-items-center piece-image px-0 px-md-3 order-1 order-md-1\">\n\t\t\t\t<img decoding=\"async\" src=\"https:\/\/healing-alps.eu\/app\/uploads\/2023\/08\/INTERREG-Logo-WALD.png\" alt=\"INTERREG-Logo-WALD\">\t\t\t\t\t\t\t<\/div>\n\n\t\t\t<div class=\"col-md-6 d-flex flex-column justify-content-center align-items-center py-4 order-2 order-md-2\">\n\t\t\t\t<div class=\"narrower-text\">\n\t\t\t\t\t\t\t\t\t\t\t\t\t\t\t\t\t\t\t\t<ul>\n<li>Laufzeit: 01\/2020 bis 06\/2022<\/li>\n<li>F\u00f6rderprogramm: Interreg \u00d6sterreich \u2013 Bayern 2014-2020<\/li>\n<li>F\u00f6rdersumme: 867.738\u20ac<\/li>\n<\/ul>\n\t\t\t\t\t<div>\n\t\t\t\t\t\t<\/p>\n\t\t\t\t\t<\/div>\n\t\t\t\t<\/div>\n\t\t\t<\/div>\n\t\t<\/div>\n\t<\/div>\n\t<style type=\"text\/css\">\n\t\t#content-pieces-block_64e7618ef95e5 {\n\t\t\tpadding-top: 10px;\n\t\t\tpadding-bottom: 10px;\n\t\t}\n\t<\/style>\n\t<\/div>\n\n\n<div class=\"wp-block-image\">\n<figure class=\"aligncenter size-large\"><img loading=\"lazy\" decoding=\"async\" width=\"1024\" height=\"524\" src=\"https:\/\/healing-alps.eu\/app\/uploads\/2023\/08\/waldprojekt-1024x524.jpg\" alt=\"\" class=\"wp-image-15868\" srcset=\"https:\/\/healing-alps.eu\/app\/uploads\/2023\/08\/waldprojekt-1024x524.jpg 1024w, https:\/\/healing-alps.eu\/app\/uploads\/2023\/08\/waldprojekt-300x154.jpg 300w, https:\/\/healing-alps.eu\/app\/uploads\/2023\/08\/waldprojekt-768x393.jpg 768w, https:\/\/healing-alps.eu\/app\/uploads\/2023\/08\/waldprojekt-1536x786.jpg 1536w, https:\/\/healing-alps.eu\/app\/uploads\/2023\/08\/waldprojekt-2048x1048.jpg 2048w, https:\/\/healing-alps.eu\/app\/uploads\/2023\/08\/waldprojekt-572x293.jpg 572w\" sizes=\"auto, (max-width: 1024px) 100vw, 1024px\" \/><\/figure>\n<\/div>\n\n\n<div style=\"height:100px\" aria-hidden=\"true\" class=\"wp-block-spacer\"><\/div>\n\n\n\n<div class=\"wp-block-columns is-layout-flex wp-container-core-columns-is-layout-9d6595d7 wp-block-columns-is-layout-flex\">\n<div class=\"wp-block-column has-background is-layout-flow wp-block-column-is-layout-flow\" style=\"background-color:#ebf9ff\"><div id=\"colored-section-block_64e46f377aeba\" class=\"colored-section alpine-block bg-sky\">\n\t<div class=\"container\">\n\t\t<h4>Projektteam:<\/h4>\n<ul>\n<li>LEAD: Technische Hochschule Deggendorf \/ European Campus Rottal-Inn (DE)<\/li>\n<li>Fachhochschule Ober\u00f6sterreich (AT)<\/li>\n<li>Bundesforschungszentrum f\u00fcr Wald \/ Forstliche Ausbildungsst\u00e4tte Traunkirchen (AT)<\/li>\n<li>Paracelsus Medizinische Privatuniversit\u00e4t Salzburg (AT)<\/li>\n<\/ul>\n\t<\/div>\n\t\t<style type=\"text\/css\">\n\t\t#colored-section-block_64e46f377aeba {\n\t\t\tpadding-top: 60px;\n\t\t\tpadding-bottom: 50px;\n\t\t}\n\t<\/style>\n\t<\/div>\n<\/div>\n\n\n\n<div class=\"wp-block-column has-background is-layout-flow wp-block-column-is-layout-flow\" style=\"background-color:#04b16f\"><div id=\"colored-section-block_64e46f857aebb\" class=\"colored-section alpine-block bg-grass text-white\">\n\t<div class=\"container\">\n\t\t<h4>Projektpartner:<\/h4>\n<ul>\n<li>Bayerische Landesanstalt f\u00fcr Wald und Forstwirtschaft (DE)<\/li>\n<li>Amt f\u00fcr Ern\u00e4hrung, Landwirtschaft und Forsten Landau a.d. Isar-Pfarrkirchen (DE)<\/li>\n<li>Bundesministerium f\u00fcr Land- und Forstwirtschaft, Regionen und Wasserwirtschaft (AT)<\/li>\n<li>Ober\u00f6sterreich Tourismus GmbH (AT)<\/li>\n<li>Tourismusverband Ostbayern e.V. (DE)<\/li>\n<\/ul>\n\t<\/div>\n\t\t<style type=\"text\/css\">\n\t\t#colored-section-block_64e46f857aebb {\n\t\t\tpadding-top: 60px;\n\t\t\tpadding-bottom: 50px;\n\t\t}\n\t<\/style>\n\t<\/div>\n<\/div>\n<\/div>\n\n\n\n<div class=\"wp-block-columns is-layout-flex wp-container-core-columns-is-layout-9d6595d7 wp-block-columns-is-layout-flex\">\n<div class=\"wp-block-column is-layout-flow wp-block-column-is-layout-flow\" style=\"flex-basis:100%\"><\/div>\n<\/div>\n\n\n<div id=\"https:\/\/netzwerk-gesundheitstourismus-wald.de\/\" class=\"link-button alpine-block alignfull\">\n\t<div class=\"container text-center\">\n\t\t\t\t<p>\t<a href=\"https:\/\/netzwerk-gesundheitstourismus-wald.de\/\" class=\"btn btn-primary\" target=\"_blank\">\n\t\tProjektwebsite\t<\/a>\n\t<\/p>\n\t\t\t<\/div>\n\t\t<style type=\"text\/css\">\n\t\t#https:\/\/netzwerk-gesundheitstourismus-wald.de\/ {\n\t\t\tpadding-top: 50px;\n\t\t\tpadding-bottom: 60px;\n\t\t}\n\t<\/style>\n\t<\/div>\n\n\n\n<div style=\"height:100px\" aria-hidden=\"true\" class=\"wp-block-spacer\"><\/div>\n\n\n<div id=\"email-signup-block_6164424188581\" class=\"email-signup alpine-block alignfull\">\n\t<div class=\"container text-white text-center\">\n\t\t\t\t\t<div class=\"font-weight-bold mb-0\">ABONNIEREN<\/div>\n\t\t\t\t\t\t\t<h2>\n\t\t\t\t<span>Newsletter<\/span>\n\t\t\t\t\t\t\t<\/h2>\n\t\t\n\t\t<form action=\"https:\/\/healing-alps.us5.list-manage.com\/subscribe\/post?u=ea25d4434cfebdf1a0c3ac696&amp;id=\" method=\"post\" class=\"form-mw pb-5\" name=\"mc-embedded-subscribe-form\" target=\"_blank\">\n\t<p>Abonnieren Sie unseren Newsletter, um aktuelle Informationen zu erhalten.<\/p>\n\n\t<div class=\"form-group\">\n\t\t<input type=\"email\" class=\"form-control text-center\" placeholder=\"Geben Sie Ihre E-Mail-Adresse ein\" value=\"\" name=\"EMAIL\" required=\"required\" \/>\n\t<\/div>\n\n\t<div class=\"form-group form-check\">\n\t\t<input type=\"checkbox\" class=\"form-check-input\" value=\"Y\" id=\"gdpr_email-signup-block_6164424188581\" name=\"gdpr[354970]\" required=\"required\">\n\t\t<label class=\"form-check-label\" for=\"gdpr_email-signup-block_6164424188581\">Ich stimme den <a href=\"https:\/\/healing-alps.eu\/de\/datenschutz\/\" target=\"_blank\">Bedingungen und Konditionen<\/a> zu.<\/label>\n\t<\/div>\n\t<p>\n\t\t<input type=\"submit\" value=\"Anmeldung zum Newsletter\" name=\"subscribe\" class=\"btn btn-primary\">\n\t<\/p>\n\n\t<!-- real people should not fill this in and expect good things - do not remove this or risk form bot signups-->\n\t<div style=\"position: absolute; left: -5000px;\" aria-hidden=\"true\"><input type=\"text\" name=\"b_ea25d4434cfebdf1a0c3ac696_5a152f621b\" tabindex=\"-1\" value=\"\"><\/div>\n\t<input type=\"hidden\" name=\"MMERGE2\" value=\"Newsletter\">\n<\/form>\n\t<\/div>\n<\/div>\n","protected":false},"excerpt":{"rendered":"<p> [&#8230;]<\/p>\n","protected":false},"author":7,"featured_media":0,"parent":0,"menu_order":0,"comment_status":"closed","ping_status":"closed","template":"","meta":{"_acf_changed":false,"footnotes":""},"class_list":["post-15271","page","type-page","status-publish","hentry"],"acf":[],"_links":{"self":[{"href":"https:\/\/healing-alps.eu\/de\/wp-json\/wp\/v2\/pages\/15271","targetHints":{"allow":["GET"]}}],"collection":[{"href":"https:\/\/healing-alps.eu\/de\/wp-json\/wp\/v2\/pages"}],"about":[{"href":"https:\/\/healing-alps.eu\/de\/wp-json\/wp\/v2\/types\/page"}],"author":[{"embeddable":true,"href":"https:\/\/healing-alps.eu\/de\/wp-json\/wp\/v2\/users\/7"}],"replies":[{"embeddable":true,"href":"https:\/\/healing-alps.eu\/de\/wp-json\/wp\/v2\/comments?post=15271"}],"version-history":[{"count":4,"href":"https:\/\/healing-alps.eu\/de\/wp-json\/wp\/v2\/pages\/15271\/revisions"}],"predecessor-version":[{"id":16406,"href":"https:\/\/healing-alps.eu\/de\/wp-json\/wp\/v2\/pages\/15271\/revisions\/16406"}],"wp:attachment":[{"href":"https:\/\/healing-alps.eu\/de\/wp-json\/wp\/v2\/media?parent=15271"}],"curies":[{"name":"wp","href":"https:\/\/api.w.org\/{rel}","templated":true}]}}