{"id":15183,"date":"2023-08-08T16:10:44","date_gmt":"2023-08-08T14:10:44","guid":{"rendered":"https:\/\/healing-alps.eu\/titelseite\/"},"modified":"2025-06-20T17:17:27","modified_gmt":"2025-06-20T15:17:27","slug":"titelseite","status":"publish","type":"page","link":"https:\/\/healing-alps.eu\/de\/","title":{"rendered":"Titelseite"},"content":{"rendered":"<div id=\"hero-headline-block_f6b8bbc9ec52aa524e5c7780621c48ba\" class=\"hero-headline alpine-block container-fluid alignfull\" style=\"padding-top: 130px;padding-bottom: 70px;\">\n\t<div class=\"hero-headline-content text-white\" style=\"max-width: 700px;\">\n\t\t<h1 class=\"mb-4\">\n\t\t\t<span>\n\t\t\t\tIhre\t\t\t<\/span>\n\t\t\tWissensbasis f\u00fcr die Heilkraft der Alpen\t\t<\/h1>\n\t\t<div class=\"text\"><p>Machen Sie mit und erhalten Sie Unterst\u00fctzung f\u00fcr Ihre Projekte zur Entwicklung von naturnahen und gesundheitsf\u00f6rdernden Angeboten im Alpenraum!<\/p>\n<\/div>\n\t\t<p><\/p>\n\t<\/div>\n<\/div>\n\n<div class=\"wp-block-group alignwide section-pad container-pad\"><div class=\"wp-block-group__inner-container is-layout-constrained wp-block-group-is-layout-constrained\">\n<div class=\"wp-block-group is-content-justification-center is-layout-flex wp-container-core-group-is-layout-64b26803 wp-block-group-is-layout-flex\">\n<figure class=\"wp-block-image size-full is-resized\"><img loading=\"lazy\" decoding=\"async\" width=\"646\" height=\"236\" src=\"https:\/\/healing-alps.eu\/app\/uploads\/2025\/05\/argealp_de_it.png\" alt=\"This image features the logo of the Interreg Alpine Space Programme, showcasing its co-funding by the European Union. The logo includes the Interreg brand name, the European Union emblem (a blue rectangle with yellow stars), and the text &#x201C;Co-funded by the European Union.&#x201D; This logo is used to represent projects and initiatives supported under the Alpine Space programme for the period 2021&#x2013;2027.\" class=\"wp-image-18411\" style=\"width:180px\" srcset=\"https:\/\/healing-alps.eu\/app\/uploads\/2025\/05\/argealp_de_it.png 646w, https:\/\/healing-alps.eu\/app\/uploads\/2025\/05\/argealp_de_it-300x110.png 300w, https:\/\/healing-alps.eu\/app\/uploads\/2025\/05\/argealp_de_it-572x209.png 572w\" sizes=\"auto, (max-width: 646px) 100vw, 646px\" \/><\/figure>\n\n\n\n<figure class=\"wp-block-image size-full is-resized\"><img loading=\"lazy\" decoding=\"async\" width=\"1000\" height=\"302\" src=\"https:\/\/healing-alps.eu\/app\/uploads\/2025\/05\/ASP_21-27_Logo-Standard.png\" alt=\"Logo of the Interreg Alpine Space Programme, co-funded by the European Union, featuring the Interreg logo and the European Union flag.\" class=\"wp-image-18413\" style=\"width:180px\" srcset=\"https:\/\/healing-alps.eu\/app\/uploads\/2025\/05\/ASP_21-27_Logo-Standard.png 1000w, https:\/\/healing-alps.eu\/app\/uploads\/2025\/05\/ASP_21-27_Logo-Standard-300x91.png 300w, https:\/\/healing-alps.eu\/app\/uploads\/2025\/05\/ASP_21-27_Logo-Standard-768x232.png 768w, https:\/\/healing-alps.eu\/app\/uploads\/2025\/05\/ASP_21-27_Logo-Standard-572x173.png 572w\" sizes=\"auto, (max-width: 1000px) 100vw, 1000px\" \/><\/figure>\n\n\n\n<figure class=\"wp-block-image size-large is-resized\"><img loading=\"lazy\" decoding=\"async\" width=\"1024\" height=\"374\" src=\"https:\/\/healing-alps.eu\/app\/uploads\/2025\/05\/BMWET_Logo_srgb-1024x374.png\" alt=\"Logo of the Austrian Federal Ministry for Economy, Energy, and Tourism, featuring a red and white stylized emblem and the German text &#x201C;Bundesministerium Wirtschaft, Energie und Tourismus.&#x201D;\" class=\"wp-image-18409\" style=\"width:180px\" srcset=\"https:\/\/healing-alps.eu\/app\/uploads\/2025\/05\/BMWET_Logo_srgb-1024x374.png 1024w, https:\/\/healing-alps.eu\/app\/uploads\/2025\/05\/BMWET_Logo_srgb-300x110.png 300w, https:\/\/healing-alps.eu\/app\/uploads\/2025\/05\/BMWET_Logo_srgb-768x281.png 768w, https:\/\/healing-alps.eu\/app\/uploads\/2025\/05\/BMWET_Logo_srgb-572x209.png 572w, https:\/\/healing-alps.eu\/app\/uploads\/2025\/05\/BMWET_Logo_srgb.png 1266w\" sizes=\"auto, (max-width: 1024px) 100vw, 1024px\" \/><\/figure>\n\n\n\n<figure class=\"wp-block-image size-full is-resized\"><img loading=\"lazy\" decoding=\"async\" width=\"300\" height=\"200\" src=\"https:\/\/healing-alps.eu\/app\/uploads\/2024\/02\/image.png\" alt=\"Logo of Land Salzburg, featuring a coat of arms with red, white, and gold elements, and the text &#x201C;Land Salzburg&#x201D; in black with a red underline.\" class=\"wp-image-16812\" style=\"width:180px\"\/><\/figure>\n\n\n\n<figure class=\"wp-block-image size-full is-resized\"><img loading=\"lazy\" decoding=\"async\" width=\"834\" height=\"625\" src=\"https:\/\/healing-alps.eu\/app\/uploads\/2021\/12\/eusalp-healing-alps.png\" alt=\"EUSALP logo\" class=\"wp-image-1146\" style=\"width:180px\" srcset=\"https:\/\/healing-alps.eu\/app\/uploads\/2021\/12\/eusalp-healing-alps.png 834w, https:\/\/healing-alps.eu\/app\/uploads\/2021\/12\/eusalp-healing-alps-300x225.png 300w, https:\/\/healing-alps.eu\/app\/uploads\/2021\/12\/eusalp-healing-alps-768x576.png 768w, https:\/\/healing-alps.eu\/app\/uploads\/2021\/12\/eusalp-healing-alps-572x429.png 572w\" sizes=\"auto, (max-width: 834px) 100vw, 834px\" \/><\/figure>\n<\/div>\n<\/div><\/div>\n\n<div class=\"wp-block-group d-none\"><div class=\"wp-block-group__inner-container is-layout-constrained wp-block-group-is-layout-constrained\"><div id=\"curator-feed-default\" data-crt-feed-id=\"4b7b4366-5709-433f-8d5d-6e70513ebf36\" data-crt-source=\"wordpress-plugin\"><\/div>\n<\/div><\/div>\n","protected":false},"excerpt":{"rendered":"<p> [&#8230;]<\/p>\n","protected":false},"author":1,"featured_media":0,"parent":0,"menu_order":0,"comment_status":"closed","ping_status":"open","template":"","meta":{"_acf_changed":false,"footnotes":""},"class_list":["post-15183","page","type-page","status-publish","hentry"],"acf":[],"_links":{"self":[{"href":"https:\/\/healing-alps.eu\/de\/wp-json\/wp\/v2\/pages\/15183","targetHints":{"allow":["GET"]}}],"collection":[{"href":"https:\/\/healing-alps.eu\/de\/wp-json\/wp\/v2\/pages"}],"about":[{"href":"https:\/\/healing-alps.eu\/de\/wp-json\/wp\/v2\/types\/page"}],"author":[{"embeddable":true,"href":"https:\/\/healing-alps.eu\/de\/wp-json\/wp\/v2\/users\/1"}],"replies":[{"embeddable":true,"href":"https:\/\/healing-alps.eu\/de\/wp-json\/wp\/v2\/comments?post=15183"}],"version-history":[{"count":14,"href":"https:\/\/healing-alps.eu\/de\/wp-json\/wp\/v2\/pages\/15183\/revisions"}],"predecessor-version":[{"id":18682,"href":"https:\/\/healing-alps.eu\/de\/wp-json\/wp\/v2\/pages\/15183\/revisions\/18682"}],"wp:attachment":[{"href":"https:\/\/healing-alps.eu\/de\/wp-json\/wp\/v2\/media?parent=15183"}],"curies":[{"name":"wp","href":"https:\/\/api.w.org\/{rel}","templated":true}]}}