{"id":15179,"date":"2023-08-08T15:54:41","date_gmt":"2023-08-08T13:54:41","guid":{"rendered":"https:\/\/healing-alps.eu\/datenschutz\/"},"modified":"2023-08-08T15:54:43","modified_gmt":"2023-08-08T13:54:43","slug":"datenschutz","status":"publish","type":"page","link":"https:\/\/healing-alps.eu\/de\/datenschutz\/","title":{"rendered":"Datenschutz"},"content":{"rendered":"<div id=\"hero-headline-block_61649406e549f\" class=\"hero-headline alpine-block container-fluid\" style=\"\">\n\t<div class=\"hero-headline-content text-white\" style=\"\">\n\t\t<h1 class=\"mb-4\">\n\t\t\t<span>\n\t\t\t\tDatenschutz\t\t\t<\/span>\n\t\t\t\t\t<\/h1>\n\t\t<div class=\"text\"><\/div>\n\t\t<p><\/p>\n\t<\/div>\n<\/div>\n<div id=\"adjustable-text-block_61649968ab3aa\" class=\"adjustable-text alpine-block\">\n\t<div class=\"container text-center\">\n        <div class=\"mx-auto\" style=\"max-width: 100%;\">\n            <p><span style=\"font-weight: 400;\">Innovation Salzburg GmbH ist im Sinne der Datenschutzgrundverordnung (DSGVO) verantwortlich. Der Schutz Ihrer pers\u00f6nlichen Daten ist uns ein besonderes Anliegen. Wir verarbeiten Ihre Daten daher ausschlie\u00dflich auf Basis der gesetzlichen Bestimmungen (DSGVO, TKG 2003). In dieser Datenschutzerkl\u00e4rung informieren wir Sie \u00fcber die wichtigsten Aspekte der Datenverarbeitung im Rahmen unserer Website und unserer Gesch\u00e4ftsaktivit\u00e4ten.<\/span><\/p>\n<p><span style=\"font-weight: 400;\">Ansprechpartner \/ Verantwortlicher f\u00fcr den Datenschutz<\/span><\/p>\n<p><span style=\"font-weight: 400;\">Innovation Salzburg GmbH<\/span><\/p>\n<p><span style=\"font-weight: 400;\">Maxglaner Hauptstrasse 72, A-5020 Salzburg<br \/>\n<\/span><\/p>\n<p><span style=\"font-weight: 400;\">Kontaktperson: Mag. Walter Haas | Gesch\u00e4ftsf\u00fchrer<\/span><\/p>\n<p><span style=\"font-weight: 400;\">+43 5 7599 722<br \/>\n<\/span><\/p>\n<p><span style=\"font-weight: 400;\">info@innovation-salzburg.at<\/span><\/p>\n<p><span style=\"font-weight: 400;\">www.innovation-salzburg.at<\/span><\/p>\n<p><b>Verarbeitung von personenbezogenen Daten<\/b><\/p>\n<p><span style=\"font-weight: 400;\">Die Verarbeitung personenbezogener Daten erfolgt im Einklang mit den geltenden gesetzlichen Bestimmungen, insbesondere der EU-Datenschutzgrundverordnung und dem (\u00f6sterreichischen) Datenschutzgesetz. Es werden geeignete Datensicherheitsma\u00dfnahmen getroffen, um die Sicherheit der verarbeiteten Daten zu gew\u00e4hrleisten und sicherzustellen, dass sie ordnungsgem\u00e4\u00df verarbeitet und Unbefugten nicht zug\u00e4nglich gemacht werden.<\/span><\/p>\n<p><span style=\"font-weight: 400;\">In der Regel werden personenbezogene Daten von uns auf gesetzlicher Grundlage oder mit Zustimmung der betroffenen Personen oder zur Erf\u00fcllung eines Vertrags (Erbringung von Dienstleistungen und Leistungen) mit den betroffenen Personen verarbeitet. Pers\u00f6nliche Daten, die Sie uns \u00fcber eine Website oder per E-Mail zur Verf\u00fcgung gestellt haben, werden nur f\u00fcr die Korrespondenz mit Ihnen zu dem Zweck verarbeitet, zu dem Sie uns Ihre Daten zur Verf\u00fcgung gestellt haben. The personal data provided will only be forwarded to the responsible office. Ihre pers\u00f6nlichen Daten werden nicht an Dritte weitergegeben, es sei denn, dies ist gesetzlich vorgeschrieben.<\/span><\/p>\n<p><b>Aufbewahrung von Daten<\/b><\/p>\n<p><span style=\"font-weight: 400;\">Die uns zur Verf\u00fcgung gestellten personenbezogenen Daten werden nur so lange gespeichert, bis der Zweck erf\u00fcllt ist, zu dem Sie uns anvertraut wurden. Soweit gesetzliche Aufbewahrungs- und Verj\u00e4hrungsfristen zu beachten sind, werden diese eingehalten, ebenso wie etwaige Gew\u00e4hrleistungs- oder Garantiefristen sowie insbesondere Aufbewahrungspflichten im Hinblick auf die Verwendung \u00f6ffentlicher (F\u00f6rder-)Mittel f\u00fcr die Erbringung unserer Leistungen und Dienste im \u00f6ffentlichen Interesse. Es werden keine Daten an Dritte weitergegeben, mit Ausnahme der \u00dcbermittlung relevanter Daten an Dritte zum Zwecke der Erf\u00fcllung von Vertr\u00e4gen\/Dienstleistungen.<\/span><\/p>\n<p><b>Rechte und Beschwerdem\u00f6glichkeiten<\/b><\/p>\n<p><span style=\"font-weight: 400;\">Nach Art. 15 ff DSGVO besteht ein grunds\u00e4tzliches Recht auf Auskunft, Berichtigung, L\u00f6schung, Einschr\u00e4nkung der Verarbeitung, Widerspruch und in bestimmten F\u00e4llen auf Datenportabilit\u00e4t. Bitte beachten Sie, dass die Rechte nach der DSGVO rechtlichen Einschr\u00e4nkungen unterliegen k\u00f6nnen. Wenn Sie der Verarbeitung Ihrer Daten zugestimmt haben, k\u00f6nnen Sie diese Zustimmung jederzeit widerrufen.<\/span><\/p>\n<p><span style=\"font-weight: 400;\">F\u00fcr die Geltendmachung Ihrer Rechte nach der DSGVO steht Ihnen der aufgef\u00fchrte Ansprechpartner f\u00fcr den Datenschutz zur Verf\u00fcgung. Wenn Sie Ihre Rechte wahrnehmen, f\u00fcgen Sie bitte eine Kopie eines amtlichen Lichtbildausweises bei, der Sie eindeutig identifiziert.<\/span><\/p>\n<p><span style=\"font-weight: 400;\">Um Ihre Anfrage so effizient und schnell wie m\u00f6glich bearbeiten zu k\u00f6nnen, geben Sie bitte in Ihrer Anfrage den Sachzusammenhang an, in dem Sie die Verwendung Ihrer personenbezogenen Daten vermuten.<\/span><\/p>\n<p><span style=\"font-weight: 400;\">Wenn Sie eine Einwilligungserkl\u00e4rung f\u00fcr die Verarbeitung Ihrer personenbezogenen Daten abgegeben haben, k\u00f6nnen Sie diese jederzeit schriftlich widerrufen. Wenn Sie sich von einem Newsletter abmelden m\u00f6chten, verwenden Sie bitte den daf\u00fcr vorgesehenen Link in der Newsletter-E-Mail. In anderen F\u00e4llen des Widerrufs wenden Sie sich bitte an die Kontaktstelle, der Sie Ihre Einwilligung erteilt haben, oder an den Ansprechpartner f\u00fcr den Datenschutz. Bitte beachten Sie jedoch, dass im Falle eines Widerrufs die gew\u00fcnschten Dienstleistungen m\u00f6glicherweise nicht mehr oder nur noch eingeschr\u00e4nkt erbracht werden k\u00f6nnen.<\/span><\/p>\n<p><span style=\"font-weight: 400;\">Wenn Sie der Meinung sind, dass die Verarbeitung Ihrer Daten gegen das Datenschutzrecht verst\u00f6\u00dft oder Ihre Datenschutzrechte sonst in irgendeiner Weise verletzt wurden, k\u00f6nnen Sie eine Beschwerde bei der \u00f6sterreichischen Datenschutzbeh\u00f6rde einreichen.<\/span><\/p>\n<p><b>Allgemeine technische und organisatorische Sicherheitsma\u00dfnahmen<\/b><\/p>\n<p><span style=\"font-weight: 400;\">Datensicherheit ist f\u00fcr uns ein wichtiges Anliegen bei der Verarbeitung personenbezogener Daten. Die zu diesem Zweck festgelegten Ma\u00dfnahmen werden regelm\u00e4\u00dfig \u00fcberpr\u00fcft und erforderlichenfalls angepasst. Alle Personen, die Zugang zu den Systemen haben, unterliegen den entsprechenden gesetzlichen und organisatorischen Anforderungen und Richtlinien.<\/span><\/p>\n<p><span style=\"font-weight: 400;\">Konkrete Ma\u00dfnahmen sind an den Schutzbedarf der jeweiligen Systeme angepasst und umfassen z.B. r\u00e4umliche Zugriffsbeschr\u00e4nkungen und -kontrollen, Berechtigungs- und Rollenkonzepte f\u00fcr alle Zugriffe auf Daten und Programmfunktionalit\u00e4ten, Absicherung und \u00dcberwachung von Clients und Netzwerken, Verschl\u00fcsselung von Kommunikations- und Speichermedien, Entwicklungsstandards, Wartung und Aktualisierung von Komponenten, Authentifizierung, Pseudonymisierung, Dienstredundanzen, Backup-Strategien, stichprobenartige \u00dcberpr\u00fcfung von Zugriffen und periodische Rechteaudits.<\/span><\/p>\n<p><b>Hinweis zu Veranstaltungen<\/b><\/p>\n<p><span style=\"font-weight: 400;\">Es werden Veranstaltungen zu relevanten Themen angeboten. Personenbezogene Daten werden f\u00fcr die Veranstaltungsorganisation erhoben und verarbeitet. Dar\u00fcber hinaus werden bei den Veranstaltungen Bilder zu Dokumentationszwecken erstellt. Die Rechtsgrundlage f\u00fcr die Verarbeitung ist das berechtigte Interesse (Art. 6 Abs. 1 DSGVO). Empf\u00e4nger der Daten sind Mitorganisatoren der Veranstaltungen, Druckereien f\u00fcr den Versand von veranstaltungsbezogenen Materialien wie Einladungen, Fotografen f\u00fcr die Aufnahme und Bearbeitung von Fotos der Veranstaltung und IT-Dienstleister, die wir zur Durchf\u00fchrung dieser Verarbeitungst\u00e4tigkeit einsetzen.<\/span><\/p>\n<p><span style=\"font-weight: 400;\">Es finden keine \u00dcbermittlungen in Drittl\u00e4nder statt.<\/span><\/p>\n<p><b>Hinweis zum Newsletter<\/b><\/p>\n<p><span style=\"font-weight: 400;\">Um Interessenten Newsletter zu relevanten Themen zusenden zu k\u00f6nnen, werden Kontaktinformationen erhoben und verarbeitet. Dar\u00fcber hinaus werden statistische Daten \u00fcber die Nutzung des Newsletters erhoben und verarbeitet, um dessen Inhalt zu verbessern.<\/span><\/p>\n<p><span style=\"font-weight: 400;\">Die Rechtsgrundlage f\u00fcr die Verarbeitung ist die Einwilligung oder das berechtigte Interesse (Art. 6 Abs. 1 DSGVO) jeweils in Verbindung mit \u00a7 107 TKG.<\/span><\/p>\n<p><span style=\"font-weight: 400;\">Empf\u00e4nger der Daten sind IT-Dienstleister, die wir zur Durchf\u00fchrung dieser Verarbeitungst\u00e4tigkeit einsetzen. Es finden Transfers in die USA statt. Unsere Auftragsverarbeiter sind Privacy-Shield-zertifiziert und haben daher ein mit der EU vergleichbares Datenschutzniveau.<\/span><\/p>\n<p><span style=\"font-weight: 400;\">Die Abbestellung ist jederzeit m\u00f6glich (Link in jedem Newsletter). Die Daten werden nach Abmeldung vom Newsletter gel\u00f6scht.<\/span><\/p>\n<p><b>Hinweis auf die Verwendung von Cookies und Webanalyse<\/b><\/p>\n<p><span style=\"font-weight: 400;\">Diese Website benutzt Google Analytics, einen Webanalysedienst der Google Inc. (&#8220;Google&#8221;). Google Analytics verwendet sog. Cookies&#8221;, Textdateien, die auf Ihrem Computer gespeichert werden und die eine Analyse der Benutzung der Website durch Sie erm\u00f6glichen. Die durch den Cookie erzeugten Informationen \u00fcber Ihre Benutzung dieser Website (einschlie\u00dflich Ihrer IP-Adresse) werden an einen Server von Google in den Vereinigten Staaten \u00fcbertragen und dort gespeichert. Google wird diese Informationen benutzen, um Ihre Nutzung der Website auszuwerten, um Reports \u00fcber die Websiteaktivit\u00e4ten f\u00fcr die Websitebetreiber zusammenzustellen und um weitere mit der Websitenutzung und der Internetnutzung verbundene Dienstleistungen zu erbringen. Auch wird Google diese Informationen gegebenenfalls an Dritte \u00fcbertragen, sofern dies gesetzlich vorgeschrieben oder soweit Dritte diese Daten im Auftrag von Google verarbeiten. Google wird Ihre IP-Adresse nicht mit anderen von Google gespeicherten Daten in Verbindung bringen. Sie k\u00f6nnen die Installation der Cookies durch eine entsprechende Einstellung Ihrer Browser Software verhindern; wir weisen Sie jedoch darauf hin, dass Sie in diesem Fall gegebenenfalls nicht s\u00e4mtliche Funktionen dieser Website voll umf\u00e4nglich nutzen k\u00f6nnen. Durch die Nutzung dieser Website erkl\u00e4ren Sie sich mit der Bearbeitung der \u00fcber Sie erhobenen Daten durch Google in der zuvor beschriebenen Art und Weise und zu dem zuvor benannten Zweck einverstanden.<\/span><\/p>\n<p><span style=\"font-weight: 400;\">Um die analytische Datenerfassung durch Google Analytics zu deaktivieren, k\u00f6nnen Sie diesen Link verwenden: Browser-Add-on zur Deaktivierung von Google Analytics .<\/span><\/p>\n<p><span style=\"font-weight: 400;\">Unsere Website verwendet sogenannte Cookies. Das sind kleine Textdateien, die mit Hilfe des Browsers auf Ihrem Endger\u00e4t gespeichert werden. Sie verursachen keine Sch\u00e4den.<\/span><\/p>\n<p><span style=\"font-weight: 400;\">Wir verwenden Cookies, um unser Angebot nutzerfreundlich zu gestalten. Einige Cookies bleiben auf Ihrem Endger\u00e4t gespeichert, bis Sie sie l\u00f6schen. Sie erm\u00f6glichen es uns, Ihren Browser bei Ihrem n\u00e4chsten Besuch zu erkennen.<\/span><\/p>\n<p><span style=\"font-weight: 400;\">Wenn Sie dies nicht w\u00fcnschen, k\u00f6nnen Sie Ihren Browser so einstellen, dass er Sie \u00fcber das Setzen von Cookies informiert und Sie dies nur im Einzelfall erlauben. Wo genau Sie diese Einstellungen finden, h\u00e4ngt von Ihrem Browser ab. Die entsprechenden Einstellungen finden Sie \u00fcber die Hilfefunktion Ihres Browsers.<\/span><\/p>\n<p><span style=\"font-weight: 400;\">Wenn Sie Cookies deaktivieren, kann die Funktionalit\u00e4t unserer Website eingeschr\u00e4nkt sein.<\/span><\/p>\n<p><span style=\"font-weight: 400;\"> <\/span><b>Hinweis zu Plugins von sozialen Netzwerken<\/b><\/p>\n<p><span style=\"font-weight: 400;\">Wir haben Plugins der folgenden sozialen Netzwerke integriert: Facebook, Youtube, Twitter. Unsere Website bietet Ihnen die M\u00f6glichkeit, Links zu unseren Inhalten auf Social-Media-Plattformen mittels sogenannter &#8220;Social Bookmarks&#8221; zu teilen, wobei zun\u00e4chst keine personenbezogenen Daten an diese Anbieter \u00fcbermittelt werden. Erst wenn Sie auf eines der Social-Media-Symbole klicken, werden personenbezogene Daten \u00fcbermittelt: Wenn Sie die Website des jeweiligen Social-Media-Anbieters aufrufen, werden automatisch Daten an den jeweiligen Dienstanbieter \u00fcbermittelt und dort gespeichert (bei US-Anbietern auch in den USA). Wir haben keinen Einfluss auf die erhobenen Daten und Datenverarbeitungsvorg\u00e4nge, noch sind uns der volle Umfang der Datenerhebung, die Zwecke und die Speicherfristen bekannt.<\/span><\/p>\n<p><span style=\"font-weight: 400;\">Weitere Informationen zu Zweck und Umfang der Datenerhebung und ihrer Verarbeitung durch den jeweiligen Social-Media-Dienst finden Sie in den unten mitgeteilten Datenschutzerkl\u00e4rungen dieser Anbieter. Dort erhalten Sie auch weitere Informationen \u00fcber Ihre diesbez\u00fcglichen Rechte und Einstellungsm\u00f6glichkeiten zum Schutz Ihrer Privatsph\u00e4re:<\/span><\/p>\n<p><span style=\"font-weight: 400;\"> <\/span><\/p>\n<p><b>Die wichtigsten davon finden Sie hier zusammengefasst:<\/b><\/p>\n<p><span style=\"font-weight: 400;\"> <\/span><span style=\"font-weight: 400;\">Facebook: https:\/\/www.facebook.com\/privacy\/explanation<\/span><\/p>\n<p><span style=\"font-weight: 400;\">Youtube: https:\/\/policies.google.com\/privacy\/update?hl=de<\/span><\/p>\n<p><span style=\"font-weight: 400;\">Twitter: https:\/\/twitter.com\/de\/privacy<\/span><\/p>\n<p><span style=\"font-weight: 400;\">Xing: https:\/\/privacy.xing.com\/de\/datenschutzerklaerung<\/span><\/p>\n<p><span style=\"font-weight: 400;\">LinkedIn: https:\/\/www.linkedin.com\/legal\/privacy-policy?trk=homepage-basic_footer-privacy-policy<\/span><\/p>\n        <\/div>\n\t<\/div>\n\t\t<style type=\"text\/css\">\n\t\t#adjustable-text-block_61649968ab3aa {\n\t\t\tpadding-top: 4rem;\n\t\t\tpadding-bottom: 16px;\n\t\t}\n\t<\/style>\n\t<\/div>\n\n<p><\/p>\n","protected":false},"excerpt":{"rendered":"<p> [&#8230;]<\/p>\n","protected":false},"author":1,"featured_media":0,"parent":0,"menu_order":0,"comment_status":"closed","ping_status":"open","template":"","meta":{"_acf_changed":false,"footnotes":""},"class_list":["post-15179","page","type-page","status-publish","hentry"],"acf":[],"_links":{"self":[{"href":"https:\/\/healing-alps.eu\/de\/wp-json\/wp\/v2\/pages\/15179","targetHints":{"allow":["GET"]}}],"collection":[{"href":"https:\/\/healing-alps.eu\/de\/wp-json\/wp\/v2\/pages"}],"about":[{"href":"https:\/\/healing-alps.eu\/de\/wp-json\/wp\/v2\/types\/page"}],"author":[{"embeddable":true,"href":"https:\/\/healing-alps.eu\/de\/wp-json\/wp\/v2\/users\/1"}],"replies":[{"embeddable":true,"href":"https:\/\/healing-alps.eu\/de\/wp-json\/wp\/v2\/comments?post=15179"}],"version-history":[{"count":3,"href":"https:\/\/healing-alps.eu\/de\/wp-json\/wp\/v2\/pages\/15179\/revisions"}],"predecessor-version":[{"id":15182,"href":"https:\/\/healing-alps.eu\/de\/wp-json\/wp\/v2\/pages\/15179\/revisions\/15182"}],"wp:attachment":[{"href":"https:\/\/healing-alps.eu\/de\/wp-json\/wp\/v2\/media?parent=15179"}],"curies":[{"name":"wp","href":"https:\/\/api.w.org\/{rel}","templated":true}]}}