{"id":15154,"date":"2023-08-07T14:41:06","date_gmt":"2023-08-07T12:41:06","guid":{"rendered":"https:\/\/healing-alps.eu\/15154-2\/"},"modified":"2023-08-07T14:41:08","modified_gmt":"2023-08-07T12:41:08","slug":"15154-2","status":"publish","type":"page","link":"https:\/\/healing-alps.eu\/de\/15154-2\/","title":{"rendered":""},"content":{"rendered":"\n<div class=\"wp-block-columns is-layout-flex wp-container-core-columns-is-layout-9d6595d7 wp-block-columns-is-layout-flex\">\n<div class=\"wp-block-column is-layout-flow wp-block-column-is-layout-flow\" style=\"flex-basis:100%\">\n<div class=\"wp-block-group alignfull\"><div class=\"wp-block-group__inner-container is-layout-flow wp-block-group-is-layout-flow\"><div id=\"hero-headline-block_630ddcceac358\" class=\"hero-headline alpine-block container-fluid alignfull\" style=\"\">\n\t<div class=\"hero-headline-content text-white\" style=\"\">\n\t\t<h1 class=\"mb-4\">\n\t\t\t<span>\n\t\t\t\tTraining-Toolkit\t\t\t<\/span>\n\t\t\tf\u00fcr das Innovationsmodell und Management-Tools f\u00fcr den Gesundheitstourismus\t\t<\/h1>\n\t\t<div class=\"text\"><p>Das interaktive <strong>HEALPS\u00b2-Toolkit<\/strong> ist ein praxisorientiertes Mittel zur Entwicklung von natur- und gesundheitstouristischen Produkten mit hoher Produktqualit\u00e4t, die die zentrale Herausforderung im natur- und gesundheitsf\u00f6rdernden Tourismus darstellt.<\/p>\n<p>&nbsp;<\/p>\n<\/div>\n\t\t<p><\/p>\n\t<\/div>\n<\/div>\n<\/div><\/div>\n<\/div>\n<\/div>\n<div id=\"subheadline-heading-block_630ddf54402ca\" class=\"subheadline-heading alpine-block alignfull\">\n\t<div class=\"container text-center\">\n\t\t\t\t\t<div class=\"subheadline\">HEALPS\u00b2 Video<\/div>\n\t\t\t\t\t\t\t<h2 class=\"m-0\">Einf\u00fchrung in das Online-Training-Toolkit<\/h2>\n\t\t\t<\/div>\n\t\t<style type=\"text\/css\">\n\t\t#subheadline-heading-block_630ddf54402ca {\n\t\t\tpadding-top: 60px;\n\t\t\tpadding-bottom: 50px;\n\t\t}\n\t<\/style>\n\t<\/div>\n<div id=\"hero-video-block_630dde6c402c9\" class=\"hero-video alpine-block alignfull\">\n\t<div class=\"menu-bg-ph\"><\/div>\n\t<div class=\"container embed-container\">\n\t\t<iframe loading=\"lazy\" title=\"HEALPS2 Online Training Toolkit for Alpine destination managers of health tourism\" width=\"1920\" height=\"1080\" src=\"https:\/\/www.youtube.com\/embed\/yzHF1h_JECY?feature=oembed\" frameborder=\"0\" allow=\"accelerometer; autoplay; clipboard-write; encrypted-media; gyroscope; picture-in-picture; web-share\" referrerpolicy=\"strict-origin-when-cross-origin\" allowfullscreen><\/iframe>\t\t<div class=\"embed-overlay text-white\">\n\t\t\t<div class=\"container\">\n\t\t\t\t\t\t\t\t\t<h1 class=\"mb-2 mb-md-4\">Einf\u00fchrung in das Online-Training-Toolkit<\/h1>\n\t\t\t\t\t\t\t\t\t\t\t<\/div>\n\t\t<\/div>\n\t<\/div>\n\t<style type=\"text\/css\">\n\t\t#hero-video-block_630dde6c402c9 {\n\t\t\theight: 75vh;\n\t\t}\n\t<\/style>\n<\/div>\n\n<div class=\"wp-block-columns is-layout-flex wp-container-core-columns-is-layout-9d6595d7 wp-block-columns-is-layout-flex\">\n<div class=\"wp-block-column is-layout-flow wp-block-column-is-layout-flow\"><div id=\"content-pieces-block_630de2cb402cc\" class=\"content-pieces alpine-pieces alpine-block alignfull leaves\">\n\t<div class=\"container\">\n\t\t\t<div class=\"row py-3\">\n\t\t\t\t\t\t\t\t\t\n\t\t\t<div class=\"col-md-6 d-flex flex-column justify-content-center align-items-center piece-image px-0 px-md-3 order-1 order-md-1\">\n\t\t\t\t<img decoding=\"async\" src=\"https:\/\/healing-alps.eu\/app\/uploads\/2021\/12\/healps-healing-alps-572x429.png\" alt=\"healps-healing-alps\">\t\t\t\t\t\t\t<\/div>\n\n\t\t\t<div class=\"col-md-6 d-flex flex-column justify-content-center align-items-center py-4 order-2 order-md-2\">\n\t\t\t\t<div class=\"narrower-text\">\n\t\t\t\t\t\t\t\t\t\t\t\t\t\t\t\t\t\t\t\t<p>Das allgemeine Ziel von HEALPS\u00b2 ist die Entwicklung und Verbesserung von Rahmenbedingungen und Mitteln f\u00fcr eine bessere Nutzung alpenspezifischer nat\u00fcrlicher Gesundheitsressourcen zur Entwicklung innovativer Tourismusprodukte und Dienstleistungsketten.<\/p>\n<p>Dieser l\u00e4nder- und fach\u00fcbergreifende Ansatz baut auf den besonderen nat\u00fcrlichen Gesundheitsressourcen der Alpen auf und st\u00e4rkt die territoriale Innovationskapazit\u00e4t der Alpen.<\/p>\n\t\t\t\t\t<div>\n\t\t\t\t\t\t<\/p>\n\t\t\t\t\t<\/div>\n\t\t\t\t<\/div>\n\t\t\t<\/div>\n\t\t<\/div>\n\t<\/div>\n\t<style type=\"text\/css\">\n\t\t#content-pieces-block_630de2cb402cc {\n\t\t\tpadding-top: 10px;\n\t\t\tpadding-bottom: 10px;\n\t\t}\n\t<\/style>\n\t<\/div>\n<\/div>\n<\/div>\n<div id=\"subheadline-heading-block_630deaf3402ce\" class=\"subheadline-heading alpine-block alignfull\">\n\t<div class=\"container text-center\">\n\t\t\t\t\t<div class=\"subheadline\">HEALPS\u00b2 Online-Training-Toolkit<\/div>\n\t\t\t\t\t\t\t<h2 class=\"m-0\">Der Weg der Produktentwicklung im naturnahen Gesundheitstourismus<\/h2>\n\t\t\t<\/div>\n\t\t<style type=\"text\/css\">\n\t\t#subheadline-heading-block_630deaf3402ce {\n\t\t\tpadding-top: 60px;\n\t\t\tpadding-bottom: 50px;\n\t\t}\n\t<\/style>\n\t<\/div>\n\n<p class=\"has-text-align-center\"><strong>Erstellen Sie in 24 einfachen Schritten regionale naturnahe und gesundheitsf\u00f6rdernde Tourismusangebote:<\/strong><\/p>\n\n<div class=\"wp-block-columns are-vertically-aligned-center is-layout-flex wp-container-core-columns-is-layout-9d6595d7 wp-block-columns-is-layout-flex\">\n<div class=\"wp-block-column is-vertically-aligned-center is-layout-flow wp-block-column-is-layout-flow\">\n<p align=\"center\"><iframe loading=\"lazy\" width=\"768\" height=\"432\" src=\"https:\/\/miro.com\/app\/live-embed\/uXjVOgOtzPI=\/?moveToViewport=-2491,-1811,4833,2441&#038;embedId=388621091467\" frameborder=\"0\" scrolling=\"no\" allowfullscreen=\"1\"><\/iframe>\n<\/p><\/div>\n<\/div>\n\n<p class=\"has-text-align-center\"><strong>Der Entwicklungsweg f\u00fcr naturnahen Gesundheitstourismus<\/strong><strong>ist in allen Sprachen des Alpenraums verf\u00fcgbar:<\/strong><\/p>\n\n<blockquote class=\"wp-block-quote has-text-align-center is-layout-flow wp-block-quote-is-layout-flow\">\n<p><strong><a href=\"https:\/\/miro.com\/app\/board\/uXjVPLFks8Q=\/?share_link_id=168837633786\">Deutsch<\/a><\/strong><a rel=\"noreferrer noopener\" href=\"https:\/\/miro.com\/app\/board\/uXjVPLFks8Q=\/?share_link_id=168837633786\" target=\"_blank\"> <\/a>&#8211; <a rel=\"noreferrer noopener\" href=\"https:\/\/miro.com\/app\/board\/uXjVPLKIt2o=\/?share_link_id=204159657468\" target=\"_blank\"><strong>Franz\u00f6sisch<\/strong><\/a> &#8211; <a rel=\"noreferrer noopener\" href=\"https:\/\/miro.com\/app\/board\/uXjVPLJEQ4w=\/?share_link_id=382090441153\" target=\"_blank\"><strong>Italienisch<\/strong><\/a> &#8211; <a href=\"https:\/\/miro.com\/app\/board\/uXjVPM5cieY=\/?share_link_id=158780814453\"><strong>Slovenisch<\/strong><\/a> &#8211; <strong><a href=\"https:\/\/miro.com\/app\/board\/uXjVOgOtzPI=\/?share_link_id=405314867560\">Englisch<\/a><\/strong><\/p>\n\n\n\n<p><\/p>\n<\/blockquote>\n\n<div style=\"height:100px\" aria-hidden=\"true\" class=\"wp-block-spacer\"><\/div>\n<div id=\"pdf-download-block_630df941402cf\" class=\"pdf-download alpine-block\">\n\t<div class=\"container\">\n\t\t<h2><p align=\"center\">PDF Download:<\/h2>\n\t\t<p class=\"font-weight-bolder\"><p align=\"center\">Geben Sie Ihre E-Mail-Adresse ein, und erhalten Sie ein PDF des Toolkits.<\/p>\n\t\t<div class=\"py-3 pdf-download-form\" data-attachment-url=\"aHR0cHM6Ly9oZWFsaW5nLWFscHMuZXUvYXBwL3VwbG9hZHMvMjAyMi8xMS9OQkhURFAtVG9vbGtpdC1FTi5wZGY=\">\n\t\t\t\n<div class=\"wpcf7 no-js\" id=\"wpcf7-f4675-o1\" lang=\"en-US\" dir=\"ltr\" data-wpcf7-id=\"4675\">\n<div class=\"screen-reader-response\"><p role=\"status\" aria-live=\"polite\" aria-atomic=\"true\"><\/p> <ul><\/ul><\/div>\n<form action=\"\/de\/wp-json\/wp\/v2\/pages\/15154#wpcf7-f4675-o1\" method=\"post\" class=\"wpcf7-form init\" aria-label=\"Contact form\" novalidate=\"novalidate\" data-status=\"init\">\n<div style=\"display: none;\">\n<input type=\"hidden\" name=\"_wpcf7\" value=\"4675\" \/>\n<input type=\"hidden\" name=\"_wpcf7_version\" value=\"6.0.6\" \/>\n<input type=\"hidden\" name=\"_wpcf7_locale\" value=\"en_US\" \/>\n<input type=\"hidden\" name=\"_wpcf7_unit_tag\" value=\"wpcf7-f4675-o1\" \/>\n<input type=\"hidden\" name=\"_wpcf7_container_post\" value=\"0\" \/>\n<input type=\"hidden\" name=\"_wpcf7_posted_data_hash\" value=\"\" \/>\n<input type=\"hidden\" name=\"_wpcf7_recaptcha_response\" value=\"\" \/>\n<\/div>\n<input class=\"wpcf7-form-control wpcf7-hidden\" value=\"NBHTDP Toolkit EN\" type=\"hidden\" name=\"downloaded-file\" \/>\n<div class=\"form-group\">\n\t<p><span class=\"wpcf7-form-control-wrap\" data-name=\"your-name\"><input size=\"40\" maxlength=\"400\" class=\"wpcf7-form-control wpcf7-text wpcf7-validates-as-required\" aria-required=\"true\" aria-invalid=\"false\" placeholder=\"Name\" value=\"\" type=\"text\" name=\"your-name\" \/><\/span>\n\t<\/p>\n<\/div>\n<div class=\"form-group\">\n\t<p><span class=\"wpcf7-form-control-wrap\" data-name=\"your-email\"><input size=\"40\" maxlength=\"400\" class=\"wpcf7-form-control wpcf7-email wpcf7-validates-as-required wpcf7-text wpcf7-validates-as-email\" aria-required=\"true\" aria-invalid=\"false\" placeholder=\"E-mail address\" value=\"\" type=\"email\" name=\"your-email\" \/><\/span>\n\t<\/p>\n<\/div>\n<div class=\"form-group form-check\">\n\t<p><span class=\"wpcf7-form-control-wrap\" data-name=\"gdpr\"><span class=\"wpcf7-form-control wpcf7-acceptance\"><span class=\"wpcf7-list-item\"><label><input type=\"checkbox\" name=\"gdpr\" value=\"1\" class=\"form-check-input\" aria-invalid=\"false\" \/><span class=\"wpcf7-list-item-label\">Agree to Terms &#038; Conditions<\/span><\/label><\/span><\/span><\/span>\n\t<\/p>\n<\/div>\n<div>\n\t<p><input class=\"wpcf7-form-control wpcf7-submit has-spinner btn btn-primary\" type=\"submit\" value=\"Download PDF\" \/>\n\t<\/p>\n<\/div><div class=\"wpcf7-response-output\" aria-hidden=\"true\"><\/div>\n<\/form>\n<\/div>\n\t\t<\/div>\n\t<\/div>\n<\/div>\n","protected":false},"excerpt":{"rendered":"<p>Erstellen Sie in 24 einfachen Schritten regionale naturnahe und gesundheitsf\u00f6rdernde Tourismusangebote: Der Entwicklungsweg f\u00fcr naturnahen Gesundheitstourismusist in allen Sprachen des Alpenraums verf\u00fcgbar: Deutsch &#8211; Franz\u00f6sisch &#8211; Italienisch &#8211; Slovenisch &#8211; Englisch [&#8230;]<\/p>\n","protected":false},"author":5,"featured_media":0,"parent":0,"menu_order":0,"comment_status":"closed","ping_status":"closed","template":"","meta":{"_acf_changed":false,"footnotes":""},"class_list":["post-15154","page","type-page","status-publish","hentry"],"acf":[],"_links":{"self":[{"href":"https:\/\/healing-alps.eu\/de\/wp-json\/wp\/v2\/pages\/15154","targetHints":{"allow":["GET"]}}],"collection":[{"href":"https:\/\/healing-alps.eu\/de\/wp-json\/wp\/v2\/pages"}],"about":[{"href":"https:\/\/healing-alps.eu\/de\/wp-json\/wp\/v2\/types\/page"}],"author":[{"embeddable":true,"href":"https:\/\/healing-alps.eu\/de\/wp-json\/wp\/v2\/users\/5"}],"replies":[{"embeddable":true,"href":"https:\/\/healing-alps.eu\/de\/wp-json\/wp\/v2\/comments?post=15154"}],"version-history":[{"count":3,"href":"https:\/\/healing-alps.eu\/de\/wp-json\/wp\/v2\/pages\/15154\/revisions"}],"predecessor-version":[{"id":15157,"href":"https:\/\/healing-alps.eu\/de\/wp-json\/wp\/v2\/pages\/15154\/revisions\/15157"}],"wp:attachment":[{"href":"https:\/\/healing-alps.eu\/de\/wp-json\/wp\/v2\/media?parent=15154"}],"curies":[{"name":"wp","href":"https:\/\/api.w.org\/{rel}","templated":true}]}}